{"id":18016,"date":"2025-06-19T16:17:45","date_gmt":"2025-06-19T23:17:45","guid":{"rendered":"https:\/\/globalmentorship.org\/mentorship-pathway\/"},"modified":"2026-04-10T16:18:21","modified_gmt":"2026-04-10T23:18:21","slug":"mentorship-pathway","status":"publish","type":"page","link":"https:\/\/globalmentorship.org\/fr\/mentorship-pathway\/","title":{"rendered":"Mentorship Pathway"},"content":{"rendered":"<p>[et_pb_section fb_built=\u00a0\u00bb1&Prime; _builder_version=\u00a0\u00bb4.27.4&Prime; _module_preset=\u00a0\u00bbdefault\u00a0\u00bb global_colors_info=\u00a0\u00bb{}\u00a0\u00bb][et_pb_row _builder_version=\u00a0\u00bb4.27.4&Prime; _module_preset=\u00a0\u00bbdefault\u00a0\u00bb global_colors_info=\u00a0\u00bb{}\u00a0\u00bb][et_pb_column type=\u00a0\u00bb4_4&Prime; _builder_version=\u00a0\u00bb4.27.4&Prime; _module_preset=\u00a0\u00bbdefault\u00a0\u00bb global_colors_info=\u00a0\u00bb{}\u00a0\u00bb][et_pb_text _builder_version=\u00a0\u00bb4.27.4&Prime; _module_preset=\u00a0\u00bbdefault\u00a0\u00bb header_font=\u00a0\u00bb|700|||||||\u00a0\u00bb global_colors_info=\u00a0\u00bb{}\u00a0\u00bb]<\/p>\n<h1>Parcours du mentorat<\/h1>\n<p>[\/et_pb_text][et_pb_text _builder_version=\u00a0\u00bb4.27.4&Prime; _module_preset=\u00a0\u00bbdefault\u00a0\u00bb custom_padding=\u00a0\u00bb||0px|||\u00a0\u00bb global_colors_info=\u00a0\u00bb{}\u00a0\u00bb]<\/p>\n<p data-start=\"62\" data-end=\"549\">Le programme de mentorat GMI pour la pr\u00e9paration professionnelle de GMI suit un cursus structur\u00e9 et facile \u00e0 suivre, adaptable \u00e0 chaque combinaison unique d\u2019\u00e9tudiant et de mentor. Tous les parcours de mentorat couvrent les m\u00eames contenus afin d\u2019assurer un impact mesurable pour les \u00e9tudiants et un accompagnement efficace pour les mentors. Ce programme permet aux bin\u00f4mes mentor-\u00e9tudiant de cr\u00e9er naturellement une affinit\u00e9, favorisant une v\u00e9ritable connexion humaine qui d\u00e9passe les diff\u00e9rences.<\/p>\n<p data-start=\"551\" data-end=\"774\">Le programme de mentorat de GMI se compose de 10 sessions virtuelles d\u2019une heure chacune, r\u00e9alis\u00e9es via une plateforme de visioconf\u00e9rence. Les \u00e9tudiants et mentors organisent leur emploi du temps selon leurs disponibilit\u00e9s.<\/p>\n<p data-start=\"776\" data-end=\"1164\">Nous mettons en relation des \u00e9tudiants en fin de cursus, qui se pr\u00e9parent \u00e0 entrer sur le march\u00e9 du travail, avec des mentors issus de plus de 100 entreprises, parmi lesquelles Microsoft, LinkedIn et Orange. Ce mentorat met l\u2019accent sur le renforcement de la confiance en soi et le d\u00e9veloppement de comp\u00e9tences relationnelles (soft skills) transf\u00e9rables dans tous les secteurs d\u2019activit\u00e9.<\/p>\n<p>[\/et_pb_text][et_pb_button button_url=\u00a0\u00bbhttps:\/\/globalmentorship.org\/mentorship-program\/\u00a0\u00bb button_text=\u00a0\u00bbPlus d\u2019infos &#038; devenir mentor\u00a0\u00bb _builder_version=\u00a0\u00bb4.27.4&Prime; _module_preset=\u00a0\u00bbdefault\u00a0\u00bb global_colors_info=\u00a0\u00bb{}\u00a0\u00bb][\/et_pb_button][\/et_pb_column][\/et_pb_row][et_pb_row _builder_version=\u00a0\u00bb4.27.5&Prime; _module_preset=\u00a0\u00bbdefault\u00a0\u00bb][et_pb_column _builder_version=\u00a0\u00bb4.27.5&Prime; _module_preset=\u00a0\u00bbdefault\u00a0\u00bb type=\u00a0\u00bb4_4&Prime;][et_pb_image src=\u00a0\u00bbhttps:\/\/globalmentorship.org\/wp-content\/uploads\/2026\/04\/Mentorship-path-10-session-FR-FINAL.png\u00a0\u00bb _builder_version=\u00a0\u00bb4.27.5&Prime; _module_preset=\u00a0\u00bbdefault\u00a0\u00bb title_text=\u00a0\u00bbMentorship path 10-session FR-FINAL\u00a0\u00bb hover_enabled=\u00a0\u00bb0&Prime; sticky_enabled=\u00a0\u00bb0&Prime;][\/et_pb_image][\/et_pb_column][\/et_pb_row][et_pb_row column_structure=\u00a0\u00bb1_6,1_6,1_6,1_6,1_6,1_6&Prime; use_custom_gutter=\u00a0\u00bbon\u00a0\u00bb gutter_width=\u00a0\u00bb2&Prime; _builder_version=\u00a0\u00bb4.27.4&Prime; _module_preset=\u00a0\u00bbdefault\u00a0\u00bb global_colors_info=\u00a0\u00bb{}\u00a0\u00bb disabled_on=\u00a0\u00bbon|on|on\u00a0\u00bb disabled=\u00a0\u00bbon\u00a0\u00bb][et_pb_column type=\u00a0\u00bb1_6&Prime; _builder_version=\u00a0\u00bb4.27.4&Prime; _module_preset=\u00a0\u00bbdefault\u00a0\u00bb global_colors_info=\u00a0\u00bb{}\u00a0\u00bb][et_pb_image src=\u00a0\u00bbhttps:\/\/globalmentorship.org\/wp-content\/uploads\/2025\/07\/Instructions-1.png\u00a0\u00bb alt=\u00a0\u00bbMentor Instructions\u00a0\u00bb title_text=\u00a0\u00bbInstructions\u00a0\u00bb align=\u00a0\u00bbcenter\u00a0\u00bb _builder_version=\u00a0\u00bb4.27.4&Prime; _module_preset=\u00a0\u00bbdefault\u00a0\u00bb global_colors_info=\u00a0\u00bb{}\u00a0\u00bb][\/et_pb_image][\/et_pb_column][et_pb_column type=\u00a0\u00bb1_6&Prime; _builder_version=\u00a0\u00bb4.27.4&Prime; _module_preset=\u00a0\u00bbdefault\u00a0\u00bb global_colors_info=\u00a0\u00bb{}\u00a0\u00bb][et_pb_image src=\u00a0\u00bbhttps:\/\/globalmentorship.org\/wp-content\/uploads\/2025\/07\/Session-1_Saph_FR.png\u00a0\u00bb alt=\u00a0\u00bbSession 1&Prime; title_text=\u00a0\u00bbSession 1_Saph_FR\u00a0\u00bb align=\u00a0\u00bbcenter\u00a0\u00bb _builder_version=\u00a0\u00bb4.27.4&Prime; _module_preset=\u00a0\u00bbdefault\u00a0\u00bb global_colors_info=\u00a0\u00bb{}\u00a0\u00bb][\/et_pb_image][\/et_pb_column][et_pb_column type=\u00a0\u00bb1_6&Prime; _builder_version=\u00a0\u00bb4.27.4&Prime; _module_preset=\u00a0\u00bbdefault\u00a0\u00bb global_colors_info=\u00a0\u00bb{}\u00a0\u00bb][et_pb_image src=\u00a0\u00bbhttps:\/\/globalmentorship.org\/wp-content\/uploads\/2025\/07\/Session-2_Saph_FR.png\u00a0\u00bb alt=\u00a0\u00bbSession 2&Prime; title_text=\u00a0\u00bbSession 2_Saph_FR\u00a0\u00bb align=\u00a0\u00bbcenter\u00a0\u00bb _builder_version=\u00a0\u00bb4.27.4&Prime; _module_preset=\u00a0\u00bbdefault\u00a0\u00bb global_colors_info=\u00a0\u00bb{}\u00a0\u00bb][\/et_pb_image][\/et_pb_column][et_pb_column type=\u00a0\u00bb1_6&Prime; _builder_version=\u00a0\u00bb4.27.4&Prime; _module_preset=\u00a0\u00bbdefault\u00a0\u00bb global_colors_info=\u00a0\u00bb{}\u00a0\u00bb][et_pb_image src=\u00a0\u00bbhttps:\/\/globalmentorship.org\/wp-content\/uploads\/2025\/07\/Session-3_Saph_FR.png\u00a0\u00bb alt=\u00a0\u00bbSession 3&Prime; title_text=\u00a0\u00bbSession 3_Saph_FR\u00a0\u00bb align=\u00a0\u00bbcenter\u00a0\u00bb _builder_version=\u00a0\u00bb4.27.4&Prime; _module_preset=\u00a0\u00bbdefault\u00a0\u00bb global_colors_info=\u00a0\u00bb{}\u00a0\u00bb][\/et_pb_image][\/et_pb_column][et_pb_column type=\u00a0\u00bb1_6&Prime; _builder_version=\u00a0\u00bb4.27.4&Prime; _module_preset=\u00a0\u00bbdefault\u00a0\u00bb global_colors_info=\u00a0\u00bb{}\u00a0\u00bb][et_pb_image src=\u00a0\u00bbhttps:\/\/globalmentorship.org\/wp-content\/uploads\/2025\/07\/Session-4_Saph_FR.png\u00a0\u00bb alt=\u00a0\u00bbSession 4&Prime; title_text=\u00a0\u00bbSession 4_Saph_FR\u00a0\u00bb align=\u00a0\u00bbcenter\u00a0\u00bb _builder_version=\u00a0\u00bb4.27.4&Prime; _module_preset=\u00a0\u00bbdefault\u00a0\u00bb global_colors_info=\u00a0\u00bb{}\u00a0\u00bb][\/et_pb_image][\/et_pb_column][et_pb_column type=\u00a0\u00bb1_6&Prime; _builder_version=\u00a0\u00bb4.27.4&Prime; _module_preset=\u00a0\u00bbdefault\u00a0\u00bb global_colors_info=\u00a0\u00bb{}\u00a0\u00bb][et_pb_image src=\u00a0\u00bbhttps:\/\/globalmentorship.org\/wp-content\/uploads\/2025\/07\/Session-5_Saph_FR.png\u00a0\u00bb alt=\u00a0\u00bbSession 5&Prime; title_text=\u00a0\u00bbSession 5_Saph_FR\u00a0\u00bb align=\u00a0\u00bbcenter\u00a0\u00bb _builder_version=\u00a0\u00bb4.27.4&Prime; _module_preset=\u00a0\u00bbdefault\u00a0\u00bb global_colors_info=\u00a0\u00bb{}\u00a0\u00bb][\/et_pb_image][\/et_pb_column][\/et_pb_row][et_pb_row column_structure=\u00a0\u00bb1_6,1_6,1_6,1_6,1_6,1_6&Prime; use_custom_gutter=\u00a0\u00bbon\u00a0\u00bb gutter_width=\u00a0\u00bb2&Prime; _builder_version=\u00a0\u00bb4.27.4&Prime; _module_preset=\u00a0\u00bbdefault\u00a0\u00bb global_colors_info=\u00a0\u00bb{}\u00a0\u00bb disabled_on=\u00a0\u00bbon|on|on\u00a0\u00bb disabled=\u00a0\u00bbon\u00a0\u00bb][et_pb_column type=\u00a0\u00bb1_6&Prime; _builder_version=\u00a0\u00bb4.27.4&Prime; _module_preset=\u00a0\u00bbdefault\u00a0\u00bb global_colors_info=\u00a0\u00bb{}\u00a0\u00bb][et_pb_image src=\u00a0\u00bbhttps:\/\/globalmentorship.org\/wp-content\/uploads\/2025\/07\/Session-6_Saph_FR.png\u00a0\u00bb alt=\u00a0\u00bbSession 6&Prime; title_text=\u00a0\u00bbSession 6_Saph_FR\u00a0\u00bb align=\u00a0\u00bbcenter\u00a0\u00bb _builder_version=\u00a0\u00bb4.27.4&Prime; _module_preset=\u00a0\u00bbdefault\u00a0\u00bb global_colors_info=\u00a0\u00bb{}\u00a0\u00bb][\/et_pb_image][\/et_pb_column][et_pb_column type=\u00a0\u00bb1_6&Prime; _builder_version=\u00a0\u00bb4.27.4&Prime; _module_preset=\u00a0\u00bbdefault\u00a0\u00bb global_colors_info=\u00a0\u00bb{}\u00a0\u00bb][et_pb_image src=\u00a0\u00bbhttps:\/\/globalmentorship.org\/wp-content\/uploads\/2025\/07\/Session-7_Saph_FR.png\u00a0\u00bb alt=\u00a0\u00bbSession 7&Prime; title_text=\u00a0\u00bbSession 7_Saph_FR\u00a0\u00bb align=\u00a0\u00bbcenter\u00a0\u00bb _builder_version=\u00a0\u00bb4.27.4&Prime; _module_preset=\u00a0\u00bbdefault\u00a0\u00bb global_colors_info=\u00a0\u00bb{}\u00a0\u00bb][\/et_pb_image][\/et_pb_column][et_pb_column type=\u00a0\u00bb1_6&Prime; _builder_version=\u00a0\u00bb4.27.4&Prime; _module_preset=\u00a0\u00bbdefault\u00a0\u00bb global_colors_info=\u00a0\u00bb{}\u00a0\u00bb][et_pb_image src=\u00a0\u00bbhttps:\/\/globalmentorship.org\/wp-content\/uploads\/2025\/07\/Session-89_Saph_FR.png\u00a0\u00bb alt=\u00a0\u00bbSession 8-9&Prime; title_text=\u00a0\u00bbSession 8&#038;9_Saph_FR\u00a0\u00bb align=\u00a0\u00bbcenter\u00a0\u00bb _builder_version=\u00a0\u00bb4.27.4&Prime; _module_preset=\u00a0\u00bbdefault\u00a0\u00bb global_colors_info=\u00a0\u00bb{}\u00a0\u00bb][\/et_pb_image][\/et_pb_column][et_pb_column type=\u00a0\u00bb1_6&Prime; _builder_version=\u00a0\u00bb4.27.4&Prime; _module_preset=\u00a0\u00bbdefault\u00a0\u00bb global_colors_info=\u00a0\u00bb{}\u00a0\u00bb][et_pb_image src=\u00a0\u00bbhttps:\/\/globalmentorship.org\/wp-content\/uploads\/2025\/07\/Session-10_Saph_FR.png\u00a0\u00bb alt=\u00a0\u00bbSession 10&Prime; title_text=\u00a0\u00bbSession 10_Saph_FR\u00a0\u00bb align=\u00a0\u00bbcenter\u00a0\u00bb _builder_version=\u00a0\u00bb4.27.4&Prime; _module_preset=\u00a0\u00bbdefault\u00a0\u00bb global_colors_info=\u00a0\u00bb{}\u00a0\u00bb][\/et_pb_image][\/et_pb_column][et_pb_column type=\u00a0\u00bb1_6&Prime; _builder_version=\u00a0\u00bb4.27.4&Prime; _module_preset=\u00a0\u00bbdefault\u00a0\u00bb global_colors_info=\u00a0\u00bb{}\u00a0\u00bb][et_pb_image src=\u00a0\u00bbhttps:\/\/globalmentorship.org\/wp-content\/uploads\/2025\/07\/Session-11_Saph_FR.png\u00a0\u00bb alt=\u00a0\u00bbSession 11&Prime; title_text=\u00a0\u00bbSession 11_Saph_FR\u00a0\u00bb align=\u00a0\u00bbcenter\u00a0\u00bb _builder_version=\u00a0\u00bb4.27.4&Prime; _module_preset=\u00a0\u00bbdefault\u00a0\u00bb global_colors_info=\u00a0\u00bb{}\u00a0\u00bb][\/et_pb_image][\/et_pb_column][et_pb_column type=\u00a0\u00bb1_6&Prime; _builder_version=\u00a0\u00bb4.27.4&Prime; _module_preset=\u00a0\u00bbdefault\u00a0\u00bb global_colors_info=\u00a0\u00bb{}\u00a0\u00bb][et_pb_image src=\u00a0\u00bbhttps:\/\/globalmentorship.org\/wp-content\/uploads\/2025\/07\/Session-12_Saph_FR.png\u00a0\u00bb alt=\u00a0\u00bbSession 12&Prime; title_text=\u00a0\u00bbSession 12_Saph_FR\u00a0\u00bb align=\u00a0\u00bbcenter\u00a0\u00bb _builder_version=\u00a0\u00bb4.27.4&Prime; _module_preset=\u00a0\u00bbdefault\u00a0\u00bb global_colors_info=\u00a0\u00bb{}\u00a0\u00bb][\/et_pb_image][\/et_pb_column][\/et_pb_row][\/et_pb_section]<\/p>\n","protected":false},"excerpt":{"rendered":"<p>Parcours du mentoratLe programme de mentorat GMI pour la pr\u00e9paration professionnelle de GMI suit un cursus structur\u00e9 et facile \u00e0 suivre, adaptable \u00e0 chaque combinaison unique d\u2019\u00e9tudiant et de mentor. Tous les parcours de mentorat couvrent les m\u00eames contenus afin d\u2019assurer un impact mesurable pour les \u00e9tudiants et un accompagnement efficace pour les mentors. Ce [&hellip;]<\/p>\n","protected":false},"author":1,"featured_media":0,"parent":0,"menu_order":0,"comment_status":"closed","ping_status":"closed","template":"","meta":{"_bbp_topic_count":0,"_bbp_reply_count":0,"_bbp_total_topic_count":0,"_bbp_total_reply_count":0,"_bbp_voice_count":0,"_bbp_anonymous_reply_count":0,"_bbp_topic_count_hidden":0,"_bbp_reply_count_hidden":0,"_bbp_forum_subforum_count":0,"_et_pb_use_builder":"on","_et_pb_old_content":"","_et_gb_content_width":"","_exactmetrics_skip_tracking":false,"_exactmetrics_sitenote_active":false,"_exactmetrics_sitenote_note":"","_exactmetrics_sitenote_category":0,"footnotes":"","_links_to":"","_links_to_target":""},"class_list":["post-18016","page","type-page","status-publish","hentry"],"yoast_head":"<!-- This site is optimized with the Yoast SEO plugin v27.4 - https:\/\/yoast.com\/product\/yoast-seo-wordpress\/ -->\n<title>Mentorship Pathway - Global Mentorship Initiative<\/title>\n<meta name=\"robots\" content=\"index, follow, max-snippet:-1, max-image-preview:large, max-video-preview:-1\" \/>\n<link rel=\"canonical\" href=\"https:\/\/globalmentorship.org\/mentorship-pathway\/\" \/>\n<meta property=\"og:locale\" content=\"fr_FR\" \/>\n<meta property=\"og:type\" content=\"article\" \/>\n<meta property=\"og:title\" content=\"Mentorship Pathway - Global Mentorship Initiative\" \/>\n<meta property=\"og:description\" content=\"Parcours du mentoratLe programme de mentorat GMI pour la pr\u00e9paration professionnelle de GMI suit un cursus structur\u00e9 et facile \u00e0 suivre, adaptable \u00e0 chaque combinaison unique d\u2019\u00e9tudiant et de mentor. Tous les parcours de mentorat couvrent les m\u00eames contenus afin d\u2019assurer un impact mesurable pour les \u00e9tudiants et un accompagnement efficace pour les mentors. Ce [&hellip;]\" \/>\n<meta property=\"og:url\" content=\"https:\/\/globalmentorship.org\/mentorship-pathway\/\" \/>\n<meta property=\"og:site_name\" content=\"Global Mentorship Initiative\" \/>\n<meta property=\"article:publisher\" content=\"https:\/\/www.facebook.com\/globalmentorship\" \/>\n<meta property=\"article:modified_time\" content=\"2026-04-10T23:18:21+00:00\" \/>\n<meta name=\"twitter:card\" content=\"summary_large_image\" \/>\n<script type=\"application\/ld+json\" class=\"yoast-schema-graph\">{\"@context\":\"https:\\\/\\\/schema.org\",\"@graph\":[{\"@type\":\"WebPage\",\"@id\":\"https:\\\/\\\/globalmentorship.org\\\/mentorship-pathway\\\/\",\"url\":\"https:\\\/\\\/globalmentorship.org\\\/mentorship-pathway\\\/\",\"name\":\"Mentorship Pathway - Global Mentorship Initiative\",\"isPartOf\":{\"@id\":\"https:\\\/\\\/globalmentorship.org\\\/#website\"},\"datePublished\":\"2025-06-19T23:17:45+00:00\",\"dateModified\":\"2026-04-10T23:18:21+00:00\",\"breadcrumb\":{\"@id\":\"https:\\\/\\\/globalmentorship.org\\\/mentorship-pathway\\\/#breadcrumb\"},\"inLanguage\":\"fr-FR\",\"potentialAction\":[{\"@type\":\"ReadAction\",\"target\":[\"https:\\\/\\\/globalmentorship.org\\\/mentorship-pathway\\\/\"]}]},{\"@type\":\"BreadcrumbList\",\"@id\":\"https:\\\/\\\/globalmentorship.org\\\/mentorship-pathway\\\/#breadcrumb\",\"itemListElement\":[{\"@type\":\"ListItem\",\"position\":1,\"name\":\"Home\",\"item\":\"https:\\\/\\\/globalmentorship.org\\\/fr\\\/\"},{\"@type\":\"ListItem\",\"position\":2,\"name\":\"Mentorship Pathway\"}]},{\"@type\":\"WebSite\",\"@id\":\"https:\\\/\\\/globalmentorship.org\\\/#website\",\"url\":\"https:\\\/\\\/globalmentorship.org\\\/\",\"name\":\"Global Mentorship Initiative\",\"description\":\"\",\"publisher\":{\"@id\":\"https:\\\/\\\/globalmentorship.org\\\/#organization\"},\"potentialAction\":[{\"@type\":\"SearchAction\",\"target\":{\"@type\":\"EntryPoint\",\"urlTemplate\":\"https:\\\/\\\/globalmentorship.org\\\/?s={search_term_string}\"},\"query-input\":{\"@type\":\"PropertyValueSpecification\",\"valueRequired\":true,\"valueName\":\"search_term_string\"}}],\"inLanguage\":\"fr-FR\"},{\"@type\":\"Organization\",\"@id\":\"https:\\\/\\\/globalmentorship.org\\\/#organization\",\"name\":\"Global Mentorship Initiative\",\"alternateName\":\"GMI\",\"url\":\"https:\\\/\\\/globalmentorship.org\\\/\",\"logo\":{\"@type\":\"ImageObject\",\"inLanguage\":\"fr-FR\",\"@id\":\"https:\\\/\\\/globalmentorship.org\\\/#\\\/schema\\\/logo\\\/image\\\/\",\"url\":\"https:\\\/\\\/globalmentorship.org\\\/wp-content\\\/uploads\\\/2023\\\/02\\\/GMI-Logo-large-square.png\",\"contentUrl\":\"https:\\\/\\\/globalmentorship.org\\\/wp-content\\\/uploads\\\/2023\\\/02\\\/GMI-Logo-large-square.png\",\"width\":696,\"height\":696,\"caption\":\"Global Mentorship Initiative\"},\"image\":{\"@id\":\"https:\\\/\\\/globalmentorship.org\\\/#\\\/schema\\\/logo\\\/image\\\/\"},\"sameAs\":[\"https:\\\/\\\/www.facebook.com\\\/globalmentorship\",\"https:\\\/\\\/www.linkedin.com\\\/company\\\/globalmentorship\",\"https:\\\/\\\/instagram.com\\\/Global_Mentorship\"]}]}<\/script>\n<!-- \/ Yoast SEO plugin. -->","yoast_head_json":{"title":"Mentorship Pathway - Global Mentorship Initiative","robots":{"index":"index","follow":"follow","max-snippet":"max-snippet:-1","max-image-preview":"max-image-preview:large","max-video-preview":"max-video-preview:-1"},"canonical":"https:\/\/globalmentorship.org\/mentorship-pathway\/","og_locale":"fr_FR","og_type":"article","og_title":"Mentorship Pathway - Global Mentorship Initiative","og_description":"Parcours du mentoratLe programme de mentorat GMI pour la pr\u00e9paration professionnelle de GMI suit un cursus structur\u00e9 et facile \u00e0 suivre, adaptable \u00e0 chaque combinaison unique d\u2019\u00e9tudiant et de mentor. Tous les parcours de mentorat couvrent les m\u00eames contenus afin d\u2019assurer un impact mesurable pour les \u00e9tudiants et un accompagnement efficace pour les mentors. Ce [&hellip;]","og_url":"https:\/\/globalmentorship.org\/mentorship-pathway\/","og_site_name":"Global Mentorship Initiative","article_publisher":"https:\/\/www.facebook.com\/globalmentorship","article_modified_time":"2026-04-10T23:18:21+00:00","twitter_card":"summary_large_image","schema":{"@context":"https:\/\/schema.org","@graph":[{"@type":"WebPage","@id":"https:\/\/globalmentorship.org\/mentorship-pathway\/","url":"https:\/\/globalmentorship.org\/mentorship-pathway\/","name":"Mentorship Pathway - Global Mentorship Initiative","isPartOf":{"@id":"https:\/\/globalmentorship.org\/#website"},"datePublished":"2025-06-19T23:17:45+00:00","dateModified":"2026-04-10T23:18:21+00:00","breadcrumb":{"@id":"https:\/\/globalmentorship.org\/mentorship-pathway\/#breadcrumb"},"inLanguage":"fr-FR","potentialAction":[{"@type":"ReadAction","target":["https:\/\/globalmentorship.org\/mentorship-pathway\/"]}]},{"@type":"BreadcrumbList","@id":"https:\/\/globalmentorship.org\/mentorship-pathway\/#breadcrumb","itemListElement":[{"@type":"ListItem","position":1,"name":"Home","item":"https:\/\/globalmentorship.org\/fr\/"},{"@type":"ListItem","position":2,"name":"Mentorship Pathway"}]},{"@type":"WebSite","@id":"https:\/\/globalmentorship.org\/#website","url":"https:\/\/globalmentorship.org\/","name":"Global Mentorship Initiative","description":"","publisher":{"@id":"https:\/\/globalmentorship.org\/#organization"},"potentialAction":[{"@type":"SearchAction","target":{"@type":"EntryPoint","urlTemplate":"https:\/\/globalmentorship.org\/?s={search_term_string}"},"query-input":{"@type":"PropertyValueSpecification","valueRequired":true,"valueName":"search_term_string"}}],"inLanguage":"fr-FR"},{"@type":"Organization","@id":"https:\/\/globalmentorship.org\/#organization","name":"Global Mentorship Initiative","alternateName":"GMI","url":"https:\/\/globalmentorship.org\/","logo":{"@type":"ImageObject","inLanguage":"fr-FR","@id":"https:\/\/globalmentorship.org\/#\/schema\/logo\/image\/","url":"https:\/\/globalmentorship.org\/wp-content\/uploads\/2023\/02\/GMI-Logo-large-square.png","contentUrl":"https:\/\/globalmentorship.org\/wp-content\/uploads\/2023\/02\/GMI-Logo-large-square.png","width":696,"height":696,"caption":"Global Mentorship Initiative"},"image":{"@id":"https:\/\/globalmentorship.org\/#\/schema\/logo\/image\/"},"sameAs":["https:\/\/www.facebook.com\/globalmentorship","https:\/\/www.linkedin.com\/company\/globalmentorship","https:\/\/instagram.com\/Global_Mentorship"]}]}},"_links":{"self":[{"href":"https:\/\/globalmentorship.org\/fr\/wp-json\/wp\/v2\/pages\/18016","targetHints":{"allow":["GET"]}}],"collection":[{"href":"https:\/\/globalmentorship.org\/fr\/wp-json\/wp\/v2\/pages"}],"about":[{"href":"https:\/\/globalmentorship.org\/fr\/wp-json\/wp\/v2\/types\/page"}],"author":[{"embeddable":true,"href":"https:\/\/globalmentorship.org\/fr\/wp-json\/wp\/v2\/users\/1"}],"replies":[{"embeddable":true,"href":"https:\/\/globalmentorship.org\/fr\/wp-json\/wp\/v2\/comments?post=18016"}],"version-history":[{"count":4,"href":"https:\/\/globalmentorship.org\/fr\/wp-json\/wp\/v2\/pages\/18016\/revisions"}],"predecessor-version":[{"id":21703,"href":"https:\/\/globalmentorship.org\/fr\/wp-json\/wp\/v2\/pages\/18016\/revisions\/21703"}],"wp:attachment":[{"href":"https:\/\/globalmentorship.org\/fr\/wp-json\/wp\/v2\/media?parent=18016"}],"curies":[{"name":"wp","href":"https:\/\/api.w.org\/{rel}","templated":true}]}}