{"id":18965,"date":"2023-11-10T13:35:46","date_gmt":"2023-11-10T20:35:46","guid":{"rendered":"https:\/\/globalmentorship.org\/youth-partners\/"},"modified":"2025-09-02T14:49:00","modified_gmt":"2025-09-02T21:49:00","slug":"youth-partners","status":"publish","type":"page","link":"https:\/\/globalmentorship.org\/es\/youth-partners\/","title":{"rendered":"Youth Partners"},"content":{"rendered":"<p>[et_pb_section fb_built=\u00bb1&#8243; _builder_version=\u00bb4.27.4&#8243; _module_preset=\u00bbdefault\u00bb background_color=\u00bbrgba(255,255,255,0.65)\u00bb background_image=\u00bbhttps:\/\/globalmentorship.org\/wp-content\/uploads\/2025\/06\/dots-darkblue.png\u00bb background_size=\u00bbcustom\u00bb background_image_width=\u00bb50%\u00bb background_position=\u00bbcenter_left\u00bb background_horizontal_offset=\u00bb20%\u00bb background_blend=\u00bboverlay\u00bb global_colors_info=\u00bb{}\u00bb][et_pb_row column_structure=\u00bb1_2,1_2&#8243; make_equal=\u00bbon\u00bb _builder_version=\u00bb4.27.4&#8243; _module_preset=\u00bbdefault\u00bb global_colors_info=\u00bb{}\u00bb][et_pb_column type=\u00bb1_2&#8243; _builder_version=\u00bb4.27.4&#8243; _module_preset=\u00bbdefault\u00bb custom_css_main_element=\u00bbmargin: auto;\u00bb global_colors_info=\u00bb{}\u00bb][et_pb_text _builder_version=\u00bb4.27.4&#8243; _module_preset=\u00bbdefault\u00bb header_font=\u00bb|700|||||||\u00bb header_2_font_size=\u00bb24px\u00bb custom_margin=\u00bb||24px||false|false\u00bb header_2_font_size_last_edited=\u00bboff|desktop\u00bb custom_css_free_form=\u00bbselector h1 { padding-bottom: 24px; }||selector h2 { padding-bottom: 0; }\u00bb global_colors_info=\u00bb{}\u00bb]<\/p>\n<h1>Alianzas Juveniles<\/h1>\n<h2>Empoderar Estudiantes. Impulsar Carreras Profesionales.<\/h2>\n<p>[\/et_pb_text][et_pb_text _builder_version=\u00bb4.27.4&#8243; _module_preset=\u00bbdefault\u00bb header_font=\u00bb|700|||||||\u00bb header_2_font_size=\u00bb24px\u00bb custom_margin=\u00bb||24px||false|false\u00bb custom_css_free_form=\u00bbselector h1 { padding-bottom: 24px; }||selector h2 { padding-bottom: 0; }\u00bb global_colors_info=\u00bb{}\u00bb]<\/p>\n<p>GMI colabora con universidades, institutos y organizaciones juveniles en todo el mundo para conectar a estudiantes con mentores que los ayudan a lanzar carreras profesionales exitosas. Con m\u00e1s de 100 aliados en m\u00e1s de 100 pa\u00edses, hacemos que la orientaci\u00f3n profesional sea accesible para quienes m\u00e1s la necesitan.<\/p>\n<p>[\/et_pb_text][et_pb_text _builder_version=\u00bb4.27.4&#8243; _module_preset=\u00bbdefault\u00bb header_font=\u00bb|700|||||||\u00bb header_2_font_size=\u00bb24px\u00bb custom_margin=\u00bb||24px||false|false\u00bb custom_padding=\u00bb||22px|||\u00bb custom_css_free_form=\u00bbselector h2 { padding-bottom: 0; }\u00bb global_colors_info=\u00bb{}\u00bb]<\/p>\n<h2>Mentor\u00eda Gratuita y Sin Complicaciones<\/h2>\n<p>[\/et_pb_text][et_pb_text _builder_version=\u00bb4.27.4&#8243; _module_preset=\u00bbdefault\u00bb global_colors_info=\u00bb{}\u00bb]<\/p>\n<p>Nuestro programa se integra f\u00e1cilmente con los servicios de carrera profesional existentes o funciona por s\u00ed solo como un recurso poderoso. Gracias a generosos donantes, la mentor\u00eda es completamente gratuita para estudiantes y aliados juveniles \u2014porque el costo no deber\u00eda ser una barrera para la mentor\u00eda.<\/p>\n<p>[\/et_pb_text][\/et_pb_column][et_pb_column type=\u00bb1_2&#8243; _builder_version=\u00bb4.27.4&#8243; _module_preset=\u00bbdefault\u00bb custom_css_main_element=\u00bbmargin: auto;\u00bb global_colors_info=\u00bb{}\u00bb][et_pb_slider show_image_video_mobile=\u00bbon\u00bb use_bg_overlay=\u00bboff\u00bb dot_nav_custom_color=\u00bb#22265F\u00bb module_id=\u00bbtopheroslider\u00bb _builder_version=\u00bb4.27.4&#8243; _module_preset=\u00bbdefault\u00bb background_color=\u00bbrgba(255,255,255,0)\u00bb height=\u00bb500px\u00bb animation_style=\u00bbfade\u00bb animation_delay=\u00bb500ms\u00bb auto=\u00bbon\u00bb hover_enabled=\u00bb0&#8243; custom_css_slide_description=\u00bbpadding: 4% 4% 10%;\u00bb custom_css_slide_title=\u00bbdisplay: none;||padding: 0;||height: 0;\u00bb custom_css_slide_controllers=\u00bb\t\tposition: absolute;||    bottom: 36px; \/* Adjust this value to move the dots up or down *\/||    left: 50%;||    transform: translateX(-50%);\u00bb custom_css_slide_active_controller=\u00bbbackground-color:#2A3077;\u00bb custom_css_slide_image=\u00bbmargin:0 !important;\u00bb border_color_all_image=\u00bbRGBA(255,255,255,0)\u00bb border_style_all_image=\u00bbnone\u00bb locked=\u00bboff\u00bb global_colors_info=\u00bb{}\u00bb sticky_enabled=\u00bb0&#8243;][et_pb_slide heading=\u00bbCasandra Phung_ES\u00bb url_new_window=\u00bbon\u00bb image=\u00bbhttps:\/\/globalmentorship.org\/wp-content\/uploads\/2025\/09\/Casandra-Phung_ES.png\u00bb _builder_version=\u00bb4.27.4&#8243; _module_preset=\u00bbdefault\u00bb hover_enabled=\u00bb0&#8243; border_radii_image=\u00bbon|40px|40px|40px|40px\u00bb box_shadow_style_image=\u00bbpreset2&#8243; locked=\u00bboff\u00bb global_colors_info=\u00bb{}\u00bb sticky_transition=\u00bbon\u00bb title_text=\u00bbCasandra Phung_ES\u00bb sticky_enabled=\u00bb0&#8243;][\/et_pb_slide][et_pb_slide heading=\u00bbMark Katana_ES\u00bb image=\u00bbhttps:\/\/globalmentorship.org\/wp-content\/uploads\/2025\/09\/Mark-Katana_ES.png\u00bb _builder_version=\u00bb4.27.4&#8243; _module_preset=\u00bbdefault\u00bb link_option_url_new_window=\u00bbon\u00bb hover_enabled=\u00bb0&#8243; border_radii_image=\u00bbon|40px|40px|40px|40px\u00bb box_shadow_style_image=\u00bbpreset2&#8243; locked=\u00bboff\u00bb global_colors_info=\u00bb{}\u00bb sticky_transition=\u00bbon\u00bb title_text=\u00bbMark Katana_ES\u00bb sticky_enabled=\u00bb0&#8243;][\/et_pb_slide][et_pb_slide heading=\u00bbNicole Osorio_ES\u00bb url_new_window=\u00bbon\u00bb image=\u00bbhttps:\/\/globalmentorship.org\/wp-content\/uploads\/2025\/09\/Nicole-Osorio_ES.png\u00bb _builder_version=\u00bb4.27.4&#8243; _module_preset=\u00bbdefault\u00bb hover_enabled=\u00bb0&#8243; border_radii_image=\u00bbon|40px|40px|40px|40px\u00bb box_shadow_style_image=\u00bbpreset2&#8243; locked=\u00bboff\u00bb global_colors_info=\u00bb{}\u00bb sticky_transition=\u00bbon\u00bb title_text=\u00bbNicole Osorio_ES\u00bb sticky_enabled=\u00bb0&#8243;][\/et_pb_slide][et_pb_slide heading=\u00bbMustafa Mohamud_ES\u00bb url_new_window=\u00bbon\u00bb image=\u00bbhttps:\/\/globalmentorship.org\/wp-content\/uploads\/2025\/09\/Mustafa-Mohamud_ES.png\u00bb _builder_version=\u00bb4.27.4&#8243; _module_preset=\u00bbdefault\u00bb hover_enabled=\u00bb0&#8243; border_radii_image=\u00bbon|40px|40px|40px|40px\u00bb box_shadow_style_image=\u00bbpreset2&#8243; locked=\u00bboff\u00bb global_colors_info=\u00bb{}\u00bb sticky_transition=\u00bbon\u00bb title_text=\u00bbMustafa Mohamud_ES\u00bb sticky_enabled=\u00bb0&#8243;][\/et_pb_slide][\/et_pb_slider][\/et_pb_column][\/et_pb_row][\/et_pb_section][et_pb_section fb_built=\u00bb1&#8243; _builder_version=\u00bb4.27.4&#8243; _module_preset=\u00bbdefault\u00bb background_color=\u00bb#4A90C5&#8243; global_colors_info=\u00bb{}\u00bb][et_pb_row column_structure=\u00bb1_2,1_2&#8243; _builder_version=\u00bb4.27.4&#8243; _module_preset=\u00bbdefault\u00bb global_colors_info=\u00bb{}\u00bb][et_pb_column type=\u00bb1_2&#8243; _builder_version=\u00bb4.27.4&#8243; _module_preset=\u00bbdefault\u00bb global_colors_info=\u00bb{}\u00bb][et_pb_text _builder_version=\u00bb4.27.4&#8243; _module_preset=\u00bbdefault\u00bb text_text_color=\u00bb#FFFFFF\u00bb header_3_font=\u00bb|700|||||||\u00bb header_3_text_align=\u00bbleft\u00bb header_3_text_color=\u00bb#FFFFFF\u00bb header_3_font_size=\u00bb24px\u00bb global_colors_info=\u00bb{}\u00bb]<\/p>\n<h3>Impacto Comprobado<\/h3>\n<p>El 74 % de los graduados de GMI consigue su primer empleo en menos de seis meses. Las corporaciones multinacionales no solo financian nuestro programa, sino que tambi\u00e9n reclutan activamente a nuestros estudiantes para cubrir vacantes.<\/p>\n<p>[\/et_pb_text][et_pb_button button_url=\u00bbhttps:\/\/globalmentorship.org\/es\/youth-partner-profiles\/\u00bb button_text=\u00bbPerfiles de Socios Juveniles\u00bb _builder_version=\u00bb4.27.4&#8243; _module_preset=\u00bbdefault\u00bb global_colors_info=\u00bb{}\u00bb][\/et_pb_button][et_pb_text _builder_version=\u00bb4.27.4&#8243; _module_preset=\u00bbdefault\u00bb text_text_color=\u00bb#FFFFFF\u00bb header_3_font=\u00bb|700|||||||\u00bb header_3_text_align=\u00bbleft\u00bb header_3_text_color=\u00bb#FFFFFF\u00bb header_3_font_size=\u00bb24px\u00bb global_colors_info=\u00bb{}\u00bb]<\/p>\n<h3>Crea una Alianza con Nosotros Hoy<\/h3>\n<p><span data-metadata=\"&lt;!--(figmeta)eyJmaWxlS2V5IjoiUHM5SUppRldyUUFhaW5ZMEY5NWR3dSIsInBhc3RlSUQiOjg2NjMwNDQwMCwiZGF0YVR5cGUiOiJzY2VuZSJ9Cg==(\/figmeta)--&gt;\"><\/span>\u00danete a GMI para dar forma a la futura fuerza laboral y brindarles a los estudiantes la mentor\u00eda que necesitan para tener \u00e9xito.<\/p>\n<p>[\/et_pb_text][et_pb_button button_url=\u00bb#\u00bb button_text=\u00bbCont\u00e1ctanos\u00bb module_class=\u00bbcontact-us-form-spanish\u00bb _builder_version=\u00bb4.27.4&#8243; _module_preset=\u00bbdefault\u00bb global_colors_info=\u00bb{}\u00bb][\/et_pb_button][\/et_pb_column][et_pb_column type=\u00bb1_2&#8243; _builder_version=\u00bb4.27.4&#8243; _module_preset=\u00bbdefault\u00bb global_colors_info=\u00bb{}\u00bb][et_pb_video src=\u00bbhttps:\/\/www.youtube.com\/watch?v=ZT1Ha5drkc4&#038;t=76s&#038;ab_channel=GlobalMentorshipInitiative%28GMI%29&#8243; _builder_version=\u00bb4.27.4&#8243; _module_preset=\u00bbdefault\u00bb border_radii=\u00bbon|24px|24px|24px|24px\u00bb box_shadow_style=\u00bbpreset2&#8243; box_shadow_horizontal=\u00bb0px\u00bb box_shadow_vertical=\u00bb4px\u00bb box_shadow_blur=\u00bb4px\u00bb box_shadow_color=\u00bbrgba(0,0,0,0.25)\u00bb locked=\u00bboff\u00bb global_colors_info=\u00bb{}\u00bb][\/et_pb_video][\/et_pb_column][\/et_pb_row][\/et_pb_section]<\/p>\n","protected":false},"excerpt":{"rendered":"<p>Alianzas Juveniles Empoderar Estudiantes. Impulsar Carreras Profesionales.GMI colabora con universidades, institutos y organizaciones juveniles en todo el mundo para conectar a estudiantes con mentores que los ayudan a lanzar carreras profesionales exitosas. Con m\u00e1s de 100 aliados en m\u00e1s de 100 pa\u00edses, hacemos que la orientaci\u00f3n profesional sea accesible para quienes m\u00e1s la necesitan.Mentor\u00eda Gratuita [&hellip;]<\/p>\n","protected":false},"author":1,"featured_media":0,"parent":0,"menu_order":0,"comment_status":"closed","ping_status":"closed","template":"","meta":{"_bbp_topic_count":0,"_bbp_reply_count":0,"_bbp_total_topic_count":0,"_bbp_total_reply_count":0,"_bbp_voice_count":0,"_bbp_anonymous_reply_count":0,"_bbp_topic_count_hidden":0,"_bbp_reply_count_hidden":0,"_bbp_forum_subforum_count":0,"_et_pb_use_builder":"on","_et_pb_old_content":"","_et_gb_content_width":"","_exactmetrics_skip_tracking":false,"_exactmetrics_sitenote_active":false,"_exactmetrics_sitenote_note":"","_exactmetrics_sitenote_category":0,"footnotes":"","_links_to":"","_links_to_target":""},"class_list":["post-18965","page","type-page","status-publish","hentry"],"yoast_head":"<!-- This site is optimized with the Yoast SEO plugin v27.4 - https:\/\/yoast.com\/product\/yoast-seo-wordpress\/ -->\n<title>Youth Partners - Global Mentorship Initiative<\/title>\n<meta name=\"robots\" content=\"index, follow, max-snippet:-1, max-image-preview:large, max-video-preview:-1\" \/>\n<link rel=\"canonical\" href=\"https:\/\/globalmentorship.org\/youth-partners\/\" \/>\n<meta property=\"og:locale\" content=\"es_ES\" \/>\n<meta property=\"og:type\" content=\"article\" \/>\n<meta property=\"og:title\" content=\"Youth Partners - Global Mentorship Initiative\" \/>\n<meta property=\"og:description\" content=\"Alianzas Juveniles Empoderar Estudiantes. Impulsar Carreras Profesionales.GMI colabora con universidades, institutos y organizaciones juveniles en todo el mundo para conectar a estudiantes con mentores que los ayudan a lanzar carreras profesionales exitosas. Con m\u00e1s de 100 aliados en m\u00e1s de 100 pa\u00edses, hacemos que la orientaci\u00f3n profesional sea accesible para quienes m\u00e1s la necesitan.Mentor\u00eda Gratuita [&hellip;]\" \/>\n<meta property=\"og:url\" content=\"https:\/\/globalmentorship.org\/youth-partners\/\" \/>\n<meta property=\"og:site_name\" content=\"Global Mentorship Initiative\" \/>\n<meta property=\"article:publisher\" content=\"https:\/\/www.facebook.com\/globalmentorship\" \/>\n<meta property=\"article:modified_time\" content=\"2025-09-02T21:49:00+00:00\" \/>\n<meta name=\"twitter:card\" content=\"summary_large_image\" \/>\n<script type=\"application\/ld+json\" class=\"yoast-schema-graph\">{\"@context\":\"https:\\\/\\\/schema.org\",\"@graph\":[{\"@type\":\"WebPage\",\"@id\":\"https:\\\/\\\/globalmentorship.org\\\/youth-partners\\\/\",\"url\":\"https:\\\/\\\/globalmentorship.org\\\/youth-partners\\\/\",\"name\":\"Youth Partners - Global Mentorship Initiative\",\"isPartOf\":{\"@id\":\"https:\\\/\\\/globalmentorship.org\\\/#website\"},\"datePublished\":\"2023-11-10T20:35:46+00:00\",\"dateModified\":\"2025-09-02T21:49:00+00:00\",\"breadcrumb\":{\"@id\":\"https:\\\/\\\/globalmentorship.org\\\/youth-partners\\\/#breadcrumb\"},\"inLanguage\":\"es\",\"potentialAction\":[{\"@type\":\"ReadAction\",\"target\":[\"https:\\\/\\\/globalmentorship.org\\\/youth-partners\\\/\"]}]},{\"@type\":\"BreadcrumbList\",\"@id\":\"https:\\\/\\\/globalmentorship.org\\\/youth-partners\\\/#breadcrumb\",\"itemListElement\":[{\"@type\":\"ListItem\",\"position\":1,\"name\":\"Inicio\",\"item\":\"https:\\\/\\\/globalmentorship.org\\\/\"},{\"@type\":\"ListItem\",\"position\":2,\"name\":\"Youth Partners\"}]},{\"@type\":\"WebSite\",\"@id\":\"https:\\\/\\\/globalmentorship.org\\\/#website\",\"url\":\"https:\\\/\\\/globalmentorship.org\\\/\",\"name\":\"Global Mentorship Initiative\",\"description\":\"\",\"publisher\":{\"@id\":\"https:\\\/\\\/globalmentorship.org\\\/#organization\"},\"potentialAction\":[{\"@type\":\"SearchAction\",\"target\":{\"@type\":\"EntryPoint\",\"urlTemplate\":\"https:\\\/\\\/globalmentorship.org\\\/?s={search_term_string}\"},\"query-input\":{\"@type\":\"PropertyValueSpecification\",\"valueRequired\":true,\"valueName\":\"search_term_string\"}}],\"inLanguage\":\"es\"},{\"@type\":\"Organization\",\"@id\":\"https:\\\/\\\/globalmentorship.org\\\/#organization\",\"name\":\"Global Mentorship Initiative\",\"alternateName\":\"GMI\",\"url\":\"https:\\\/\\\/globalmentorship.org\\\/\",\"logo\":{\"@type\":\"ImageObject\",\"inLanguage\":\"es\",\"@id\":\"https:\\\/\\\/globalmentorship.org\\\/#\\\/schema\\\/logo\\\/image\\\/\",\"url\":\"https:\\\/\\\/globalmentorship.org\\\/wp-content\\\/uploads\\\/2023\\\/02\\\/GMI-Logo-large-square.png\",\"contentUrl\":\"https:\\\/\\\/globalmentorship.org\\\/wp-content\\\/uploads\\\/2023\\\/02\\\/GMI-Logo-large-square.png\",\"width\":696,\"height\":696,\"caption\":\"Global Mentorship Initiative\"},\"image\":{\"@id\":\"https:\\\/\\\/globalmentorship.org\\\/#\\\/schema\\\/logo\\\/image\\\/\"},\"sameAs\":[\"https:\\\/\\\/www.facebook.com\\\/globalmentorship\",\"https:\\\/\\\/www.linkedin.com\\\/company\\\/globalmentorship\",\"https:\\\/\\\/instagram.com\\\/Global_Mentorship\"]}]}<\/script>\n<!-- \/ Yoast SEO plugin. -->","yoast_head_json":{"title":"Youth Partners - Global Mentorship Initiative","robots":{"index":"index","follow":"follow","max-snippet":"max-snippet:-1","max-image-preview":"max-image-preview:large","max-video-preview":"max-video-preview:-1"},"canonical":"https:\/\/globalmentorship.org\/youth-partners\/","og_locale":"es_ES","og_type":"article","og_title":"Youth Partners - Global Mentorship Initiative","og_description":"Alianzas Juveniles Empoderar Estudiantes. Impulsar Carreras Profesionales.GMI colabora con universidades, institutos y organizaciones juveniles en todo el mundo para conectar a estudiantes con mentores que los ayudan a lanzar carreras profesionales exitosas. Con m\u00e1s de 100 aliados en m\u00e1s de 100 pa\u00edses, hacemos que la orientaci\u00f3n profesional sea accesible para quienes m\u00e1s la necesitan.Mentor\u00eda Gratuita [&hellip;]","og_url":"https:\/\/globalmentorship.org\/youth-partners\/","og_site_name":"Global Mentorship Initiative","article_publisher":"https:\/\/www.facebook.com\/globalmentorship","article_modified_time":"2025-09-02T21:49:00+00:00","twitter_card":"summary_large_image","schema":{"@context":"https:\/\/schema.org","@graph":[{"@type":"WebPage","@id":"https:\/\/globalmentorship.org\/youth-partners\/","url":"https:\/\/globalmentorship.org\/youth-partners\/","name":"Youth Partners - Global Mentorship Initiative","isPartOf":{"@id":"https:\/\/globalmentorship.org\/#website"},"datePublished":"2023-11-10T20:35:46+00:00","dateModified":"2025-09-02T21:49:00+00:00","breadcrumb":{"@id":"https:\/\/globalmentorship.org\/youth-partners\/#breadcrumb"},"inLanguage":"es","potentialAction":[{"@type":"ReadAction","target":["https:\/\/globalmentorship.org\/youth-partners\/"]}]},{"@type":"BreadcrumbList","@id":"https:\/\/globalmentorship.org\/youth-partners\/#breadcrumb","itemListElement":[{"@type":"ListItem","position":1,"name":"Inicio","item":"https:\/\/globalmentorship.org\/"},{"@type":"ListItem","position":2,"name":"Youth Partners"}]},{"@type":"WebSite","@id":"https:\/\/globalmentorship.org\/#website","url":"https:\/\/globalmentorship.org\/","name":"Global Mentorship Initiative","description":"","publisher":{"@id":"https:\/\/globalmentorship.org\/#organization"},"potentialAction":[{"@type":"SearchAction","target":{"@type":"EntryPoint","urlTemplate":"https:\/\/globalmentorship.org\/?s={search_term_string}"},"query-input":{"@type":"PropertyValueSpecification","valueRequired":true,"valueName":"search_term_string"}}],"inLanguage":"es"},{"@type":"Organization","@id":"https:\/\/globalmentorship.org\/#organization","name":"Global Mentorship Initiative","alternateName":"GMI","url":"https:\/\/globalmentorship.org\/","logo":{"@type":"ImageObject","inLanguage":"es","@id":"https:\/\/globalmentorship.org\/#\/schema\/logo\/image\/","url":"https:\/\/globalmentorship.org\/wp-content\/uploads\/2023\/02\/GMI-Logo-large-square.png","contentUrl":"https:\/\/globalmentorship.org\/wp-content\/uploads\/2023\/02\/GMI-Logo-large-square.png","width":696,"height":696,"caption":"Global Mentorship Initiative"},"image":{"@id":"https:\/\/globalmentorship.org\/#\/schema\/logo\/image\/"},"sameAs":["https:\/\/www.facebook.com\/globalmentorship","https:\/\/www.linkedin.com\/company\/globalmentorship","https:\/\/instagram.com\/Global_Mentorship"]}]}},"_links":{"self":[{"href":"https:\/\/globalmentorship.org\/es\/wp-json\/wp\/v2\/pages\/18965","targetHints":{"allow":["GET"]}}],"collection":[{"href":"https:\/\/globalmentorship.org\/es\/wp-json\/wp\/v2\/pages"}],"about":[{"href":"https:\/\/globalmentorship.org\/es\/wp-json\/wp\/v2\/types\/page"}],"author":[{"embeddable":true,"href":"https:\/\/globalmentorship.org\/es\/wp-json\/wp\/v2\/users\/1"}],"replies":[{"embeddable":true,"href":"https:\/\/globalmentorship.org\/es\/wp-json\/wp\/v2\/comments?post=18965"}],"version-history":[{"count":6,"href":"https:\/\/globalmentorship.org\/es\/wp-json\/wp\/v2\/pages\/18965\/revisions"}],"predecessor-version":[{"id":20097,"href":"https:\/\/globalmentorship.org\/es\/wp-json\/wp\/v2\/pages\/18965\/revisions\/20097"}],"wp:attachment":[{"href":"https:\/\/globalmentorship.org\/es\/wp-json\/wp\/v2\/media?parent=18965"}],"curies":[{"name":"wp","href":"https:\/\/api.w.org\/{rel}","templated":true}]}}