{"id":18879,"date":"2025-06-19T14:43:02","date_gmt":"2025-06-19T21:43:02","guid":{"rendered":"https:\/\/globalmentorship.org\/impact-reports\/"},"modified":"2026-03-18T08:04:37","modified_gmt":"2026-03-18T15:04:37","slug":"impact-reports","status":"publish","type":"page","link":"https:\/\/globalmentorship.org\/es\/impact-reports\/","title":{"rendered":"Impact and Reports"},"content":{"rendered":"<p>[et_pb_section fb_built=\u00bb1&#8243; _builder_version=\u00bb4.27.4&#8243; _module_preset=\u00bbdefault\u00bb global_colors_info=\u00bb{}\u00bb][et_pb_row column_structure=\u00bb1_2,1_2&#8243; make_equal=\u00bbon\u00bb _builder_version=\u00bb4.27.4&#8243; _module_preset=\u00bbdefault\u00bb global_colors_info=\u00bb{}\u00bb][et_pb_column type=\u00bb1_2&#8243; _builder_version=\u00bb4.27.4&#8243; _module_preset=\u00bbdefault\u00bb custom_padding=\u00bb||||false|false\u00bb custom_padding_tablet=\u00bb||32px||false|false\u00bb custom_padding_phone=\u00bb||32px||false|false\u00bb custom_padding_last_edited=\u00bbon|phone\u00bb custom_css_main_element=\u00bbmargin: auto;\u00bb global_colors_info=\u00bb{}\u00bb][et_pb_text _builder_version=\u00bb4.27.4&#8243; _module_preset=\u00bbdefault\u00bb header_font=\u00bb|700|||||||\u00bb header_2_font_size=\u00bb24px\u00bb header_2_font_size_last_edited=\u00bboff|desktop\u00bb global_colors_info=\u00bb{}\u00bb]<\/p>\n<h1>Impulsando Futuros a trav\u00e9s de la Mentor\u00eda<\/h1>\n<p>[\/et_pb_text][et_pb_text _builder_version=\u00bb4.27.4&#8243; _module_preset=\u00bbdefault\u00bb global_colors_info=\u00bb{}\u00bb]<\/p>\n<p>La mentor\u00eda cambia vidas, cerrando la brecha entre la educaci\u00f3n y carreras profesionales significativas para los estudiantes que m\u00e1s lo necesitan: j\u00f3venes universitarios de primera generaci\u00f3n y quienes enfrentan barreras econ\u00f3micas. Con la ayuda de mentores voluntarios comprometidos, brindamos a estudiantes de todo el mundo herramientas para prepararse profesionalmente, oportunidades de networking y conocimientos del mundo real, asegurando que ingresen al mercado laboral con confianza.<\/p>\n<p>[\/et_pb_text][et_pb_button button_url=\u00bbhttps:\/\/globalmentorship.org\/references\/\u00bb button_text=\u00bbTestimonios de la comunidad\u00bb _builder_version=\u00bb4.27.4&#8243; _module_preset=\u00bbdefault\u00bb global_colors_info=\u00bb{}\u00bb][\/et_pb_button][et_pb_button button_url=\u00bb\/hall-of-fame\/\u00bb button_text=\u00bbMentores del Sal\u00f3n de la Fama\u00bb _builder_version=\u00bb4.27.4&#8243; _module_preset=\u00bbdefault\u00bb locked=\u00bboff\u00bb global_colors_info=\u00bb{}\u00bb][\/et_pb_button][\/et_pb_column][et_pb_column type=\u00bb1_2&#8243; module_class=\u00bbnumberscolumn\u00bb _builder_version=\u00bb4.27.4&#8243; _module_preset=\u00bbdefault\u00bb background_color=\u00bb#4a90c5&#8243; background_image=\u00bbhttps:\/\/globalmentorship.org\/wp-content\/uploads\/2025\/06\/dots-white.png\u00bb custom_padding=\u00bb32px|32px|32px|32px|false|false\u00bb custom_css_main_element=\u00bbmargin: auto;\u00bb custom_css_free_form=\u00bbselector {||  display: flex;||  flex-wrap: wrap;||  justify-content: space-between;||}||||selector .et_pb_number_counter {||  width: 40%||}||||@media (max-width:767px) {||  selector .et_pb_number_counter {||  \twidth: 100%||\t}||}\u00bb border_radii=\u00bbon|32px|32px|32px|32px\u00bb box_shadow_style=\u00bbpreset2&#8243; box_shadow_horizontal=\u00bb0px\u00bb box_shadow_vertical=\u00bb4px\u00bb box_shadow_blur=\u00bb4px\u00bb box_shadow_color=\u00bbrgba(0,0,0,0.25)\u00bb global_colors_info=\u00bb{}\u00bb][et_pb_number_counter title=\u00bbde los estudiantes de GMI a nivel global consiguen empleo dentro de los 6 meses despu\u00e9s de graduarse\u00bb number=\u00bb74&#8243; _builder_version=\u00bb4.27.4&#8243; _module_preset=\u00bbdefault\u00bb title_text_color=\u00bb#FFFFFF\u00bb title_font_size=\u00bb18px\u00bb number_font=\u00bbMontserrat|800|||||||\u00bb number_text_color=\u00bb#FFFFFF\u00bb number_font_size=\u00bb76px\u00bb number_line_height=\u00bb1em\u00bb width=\u00bb33%\u00bb custom_padding=\u00bb||||true\u00bb locked=\u00bboff\u00bb global_colors_info=\u00bb{}\u00bb][\/et_pb_number_counter][et_pb_number_counter title=\u00bbde los mentores de GMI reportan mayor confianza en roles de liderazgo y gesti\u00f3n\u00bb number=\u00bb92&#8243; _builder_version=\u00bb4.27.4&#8243; _module_preset=\u00bbdefault\u00bb title_text_color=\u00bb#FFFFFF\u00bb title_font_size=\u00bb18px\u00bb number_font=\u00bbMontserrat|800|||||||\u00bb number_text_color=\u00bb#FFFFFF\u00bb number_font_size=\u00bb76px\u00bb number_line_height=\u00bb1em\u00bb width=\u00bb33%\u00bb custom_padding=\u00bb||||true\u00bb locked=\u00bboff\u00bb global_colors_info=\u00bb{}\u00bb][\/et_pb_number_counter][et_pb_number_counter title=\u00bbde los estudiantes de GMI se sienten seguros de alcanzar sus metas profesionales\u00bb number=\u00bb98&#8243; _builder_version=\u00bb4.27.4&#8243; _module_preset=\u00bbdefault\u00bb title_text_color=\u00bb#FFFFFF\u00bb title_font_size=\u00bb18px\u00bb number_font=\u00bbMontserrat|800|||||||\u00bb number_text_color=\u00bb#FFFFFF\u00bb number_font_size=\u00bb71px\u00bb number_line_height=\u00bb1em\u00bb width=\u00bb33%\u00bb custom_padding=\u00bb||||true\u00bb locked=\u00bboff\u00bb global_colors_info=\u00bb{}\u00bb][\/et_pb_number_counter][et_pb_number_counter title=\u00bbde los mentores de GMI reportan una mejora en sus habilidades de comunicaci\u00f3n intercultural\u00bb number=\u00bb76&#8243; _builder_version=\u00bb4.27.4&#8243; _module_preset=\u00bbdefault\u00bb title_text_color=\u00bb#FFFFFF\u00bb title_font_size=\u00bb18px\u00bb number_font=\u00bbMontserrat|800|||||||\u00bb number_text_color=\u00bb#FFFFFF\u00bb number_font_size=\u00bb76px\u00bb number_line_height=\u00bb1em\u00bb width=\u00bb33%\u00bb custom_padding=\u00bb||||true\u00bb locked=\u00bboff\u00bb global_colors_info=\u00bb{}\u00bb][\/et_pb_number_counter][\/et_pb_column][\/et_pb_row][\/et_pb_section][et_pb_section fb_built=\u00bb1&#8243; module_id=\u00bbfinancials\u00bb _builder_version=\u00bb4.27.4&#8243; _module_preset=\u00bbdefault\u00bb background_color=\u00bb#4A90C5&#8243; global_colors_info=\u00bb{}\u00bb][et_pb_row column_structure=\u00bb1_2,1_2&#8243; _builder_version=\u00bb4.27.4&#8243; _module_preset=\u00bbdefault\u00bb global_colors_info=\u00bb{}\u00bb][et_pb_column type=\u00bb1_2&#8243; _builder_version=\u00bb4.27.4&#8243; _module_preset=\u00bbdefault\u00bb global_colors_info=\u00bb{}\u00bb][et_pb_text _builder_version=\u00bb4.27.4&#8243; _module_preset=\u00bbdefault\u00bb header_3_font=\u00bb|700|||||||\u00bb header_3_text_color=\u00bb#FFFFFF\u00bb header_3_font_size=\u00bb24px\u00bb global_colors_info=\u00bb{}\u00bb]<\/p>\n<h3>Informes Anuales<\/h3>\n<p>[\/et_pb_text][et_pb_button button_url=\u00bbhttps:\/\/globalmentorship.org\/wp-content\/uploads\/2026\/01\/Annual-Report-2025_FINAL1.pdf\u00bb url_new_window=\u00bbon\u00bb button_text=\u00bbInforme Anual 2025&#8243; button_alignment=\u00bbcenter\u00bb _builder_version=\u00bb4.27.5&#8243; _module_preset=\u00bbdefault\u00bb custom_button=\u00bbon\u00bb button_text_color=\u00bb#22265F\u00bb button_bg_color=\u00bb#FFFFFF\u00bb button_border_width=\u00bb1px\u00bb button_border_color=\u00bb#22265F\u00bb button_use_icon=\u00bboff\u00bb custom_css_free_form=\u00bbselector {||  width: 100%;||}||||selector:hover {||  font-weight: 700;||}\u00bb global_colors_info=\u00bb{}\u00bb][\/et_pb_button][et_pb_button button_url=\u00bbhttps:\/\/globalmentorship.org\/wp-content\/uploads\/2025\/02\/GMI-Annual-Report-2024_1-1.pdf\u00bb url_new_window=\u00bbon\u00bb button_text=\u00bbInforme Anual 2024&#8243; button_alignment=\u00bbcenter\u00bb _builder_version=\u00bb4.27.4&#8243; _module_preset=\u00bbdefault\u00bb custom_button=\u00bbon\u00bb button_text_color=\u00bb#22265F\u00bb button_bg_color=\u00bb#FFFFFF\u00bb button_border_width=\u00bb1px\u00bb button_border_color=\u00bb#22265F\u00bb button_use_icon=\u00bboff\u00bb custom_css_free_form=\u00bbselector {||  width: 100%;||}||||selector:hover {||  font-weight: 700;||}\u00bb global_colors_info=\u00bb{}\u00bb][\/et_pb_button][et_pb_button button_url=\u00bbhttps:\/\/globalmentorship.org\/wp-content\/uploads\/2024\/02\/GMI-Annual-Report-2023.pdf\u00bb url_new_window=\u00bbon\u00bb button_text=\u00bbInforme Anual 2023&#8243; button_alignment=\u00bbcenter\u00bb _builder_version=\u00bb4.27.4&#8243; _module_preset=\u00bbdefault\u00bb custom_button=\u00bbon\u00bb button_text_color=\u00bb#22265F\u00bb button_bg_color=\u00bb#FFFFFF\u00bb button_border_width=\u00bb1px\u00bb button_border_color=\u00bb#22265F\u00bb button_use_icon=\u00bboff\u00bb custom_css_free_form=\u00bbselector {||  width: 100%;||}||||selector:hover {||  font-weight: 700;||}\u00bb global_colors_info=\u00bb{}\u00bb][\/et_pb_button][et_pb_button button_url=\u00bbhttps:\/\/globalmentorship.org\/wp-content\/uploads\/2023\/02\/2022-GMI-Annual-Report.pdf\u00bb url_new_window=\u00bbon\u00bb button_text=\u00bbInforme Anual 2022&#8243; button_alignment=\u00bbcenter\u00bb _builder_version=\u00bb4.27.4&#8243; _module_preset=\u00bbdefault\u00bb custom_button=\u00bbon\u00bb button_text_color=\u00bb#22265F\u00bb button_bg_color=\u00bb#FFFFFF\u00bb button_border_width=\u00bb1px\u00bb button_border_color=\u00bb#22265F\u00bb button_use_icon=\u00bboff\u00bb custom_css_free_form=\u00bbselector {||  width: 100%;||}||||selector:hover {||  font-weight: 700;||}\u00bb global_colors_info=\u00bb{}\u00bb][\/et_pb_button][\/et_pb_column][et_pb_column type=\u00bb1_2&#8243; _builder_version=\u00bb4.27.4&#8243; _module_preset=\u00bbdefault\u00bb global_colors_info=\u00bb{}\u00bb][et_pb_text _builder_version=\u00bb4.27.4&#8243; _module_preset=\u00bbdefault\u00bb header_3_font=\u00bb|700|||||||\u00bb header_3_text_color=\u00bb#FFFFFF\u00bb header_3_font_size=\u00bb24px\u00bb global_colors_info=\u00bb{}\u00bb]<\/p>\n<h3>Formularios Fiscales Anuales<\/h3>\n<p>[\/et_pb_text][et_pb_button button_url=\u00bbhttps:\/\/globalmentorship.org\/wp-content\/uploads\/2026\/03\/GMI-2025-Form-990.pdf\u00bb url_new_window=\u00bbon\u00bb button_text=\u00bbFormulario 990 del 2025&#8243; button_alignment=\u00bbcenter\u00bb _builder_version=\u00bb4.27.5&#8243; _module_preset=\u00bbdefault\u00bb custom_button=\u00bbon\u00bb button_text_color=\u00bb#22265F\u00bb button_bg_color=\u00bb#FFFFFF\u00bb button_border_width=\u00bb1px\u00bb button_border_color=\u00bb#22265F\u00bb button_use_icon=\u00bboff\u00bb hover_enabled=\u00bb0&#8243; custom_css_free_form=\u00bbselector {||  width: 100%;||}||||selector:hover {||  font-weight: 700;||}\u00bb global_colors_info=\u00bb{}\u00bb sticky_enabled=\u00bb0&#8243;][\/et_pb_button][et_pb_button button_url=\u00bbhttps:\/\/globalmentorship.org\/wp-content\/uploads\/2025\/03\/GMI-2024-990.pdf\u00bb url_new_window=\u00bbon\u00bb button_text=\u00bbFormulario 990 del 2024&#8243; button_alignment=\u00bbcenter\u00bb _builder_version=\u00bb4.27.4&#8243; _module_preset=\u00bbdefault\u00bb custom_button=\u00bbon\u00bb button_text_color=\u00bb#22265F\u00bb button_bg_color=\u00bb#FFFFFF\u00bb button_border_width=\u00bb1px\u00bb button_border_color=\u00bb#22265F\u00bb button_use_icon=\u00bboff\u00bb custom_css_free_form=\u00bbselector {||  width: 100%;||}||||selector:hover {||  font-weight: 700;||}\u00bb global_colors_info=\u00bb{}\u00bb][\/et_pb_button][et_pb_button button_url=\u00bbhttps:\/\/globalmentorship.org\/wp-content\/uploads\/2025\/02\/GMI-990-2023.pdf\u00bb url_new_window=\u00bbon\u00bb button_text=\u00bbFormulario 990 del 2023&#8243; button_alignment=\u00bbcenter\u00bb _builder_version=\u00bb4.27.4&#8243; _module_preset=\u00bbdefault\u00bb custom_button=\u00bbon\u00bb button_text_color=\u00bb#22265F\u00bb button_bg_color=\u00bb#FFFFFF\u00bb button_border_width=\u00bb1px\u00bb button_border_color=\u00bb#22265F\u00bb button_use_icon=\u00bboff\u00bb custom_css_free_form=\u00bbselector {||  width: 100%;||}||||selector:hover {||  font-weight: 700;||}\u00bb global_colors_info=\u00bb{}\u00bb][\/et_pb_button][et_pb_button button_url=\u00bbhttps:\/\/globalmentorship.org\/wp-content\/uploads\/2025\/02\/GMI-2022-Form-990.pdf\u00bb url_new_window=\u00bbon\u00bb button_text=\u00bbFormulario 990 del 2022&#8243; button_alignment=\u00bbcenter\u00bb _builder_version=\u00bb4.27.4&#8243; _module_preset=\u00bbdefault\u00bb custom_button=\u00bbon\u00bb button_text_color=\u00bb#22265F\u00bb button_bg_color=\u00bb#FFFFFF\u00bb button_border_width=\u00bb1px\u00bb button_border_color=\u00bb#22265F\u00bb button_use_icon=\u00bboff\u00bb custom_css_free_form=\u00bbselector {||  width: 100%;||}||||selector:hover {||  font-weight: 700;||}\u00bb global_colors_info=\u00bb{}\u00bb][\/et_pb_button][et_pb_button button_url=\u00bbhttps:\/\/globalmentorship.org\/wp-content\/uploads\/2025\/02\/GMI-2021-Form-990.pdf\u00bb url_new_window=\u00bbon\u00bb button_text=\u00bbFormulario 990 del 2021&#8243; button_alignment=\u00bbcenter\u00bb _builder_version=\u00bb4.27.4&#8243; _module_preset=\u00bbdefault\u00bb custom_button=\u00bbon\u00bb button_text_color=\u00bb#22265F\u00bb button_bg_color=\u00bb#FFFFFF\u00bb button_border_width=\u00bb1px\u00bb button_border_color=\u00bb#22265F\u00bb button_use_icon=\u00bboff\u00bb custom_css_free_form=\u00bbselector {||  width: 100%;||}||||selector:hover {||  font-weight: 700;||}\u00bb global_colors_info=\u00bb{}\u00bb][\/et_pb_button][\/et_pb_column][\/et_pb_row][\/et_pb_section]<\/p>\n","protected":false},"excerpt":{"rendered":"<p>Impulsando Futuros a trav\u00e9s de la Mentor\u00edaLa mentor\u00eda cambia vidas, cerrando la brecha entre la educaci\u00f3n y carreras profesionales significativas para los estudiantes que m\u00e1s lo necesitan: j\u00f3venes universitarios de primera generaci\u00f3n y quienes enfrentan barreras econ\u00f3micas. Con la ayuda de mentores voluntarios comprometidos, brindamos a estudiantes de todo el mundo herramientas para prepararse profesionalmente, [&hellip;]<\/p>\n","protected":false},"author":1,"featured_media":0,"parent":0,"menu_order":0,"comment_status":"closed","ping_status":"closed","template":"","meta":{"_bbp_topic_count":0,"_bbp_reply_count":0,"_bbp_total_topic_count":0,"_bbp_total_reply_count":0,"_bbp_voice_count":0,"_bbp_anonymous_reply_count":0,"_bbp_topic_count_hidden":0,"_bbp_reply_count_hidden":0,"_bbp_forum_subforum_count":0,"_et_pb_use_builder":"on","_et_pb_old_content":"","_et_gb_content_width":"","_exactmetrics_skip_tracking":false,"_exactmetrics_sitenote_active":false,"_exactmetrics_sitenote_note":"","_exactmetrics_sitenote_category":0,"footnotes":"","_links_to":"","_links_to_target":""},"class_list":["post-18879","page","type-page","status-publish","hentry"],"yoast_head":"<!-- This site is optimized with the Yoast SEO plugin v27.4 - https:\/\/yoast.com\/product\/yoast-seo-wordpress\/ -->\n<title>Impact and Reports - Global Mentorship Initiative<\/title>\n<meta name=\"robots\" content=\"index, follow, max-snippet:-1, max-image-preview:large, max-video-preview:-1\" \/>\n<link rel=\"canonical\" href=\"https:\/\/globalmentorship.org\/impact-reports\/\" \/>\n<meta property=\"og:locale\" content=\"es_ES\" \/>\n<meta property=\"og:type\" content=\"article\" \/>\n<meta property=\"og:title\" content=\"Impact and Reports - Global Mentorship Initiative\" \/>\n<meta property=\"og:description\" content=\"Impulsando Futuros a trav\u00e9s de la Mentor\u00edaLa mentor\u00eda cambia vidas, cerrando la brecha entre la educaci\u00f3n y carreras profesionales significativas para los estudiantes que m\u00e1s lo necesitan: j\u00f3venes universitarios de primera generaci\u00f3n y quienes enfrentan barreras econ\u00f3micas. Con la ayuda de mentores voluntarios comprometidos, brindamos a estudiantes de todo el mundo herramientas para prepararse profesionalmente, [&hellip;]\" \/>\n<meta property=\"og:url\" content=\"https:\/\/globalmentorship.org\/impact-reports\/\" \/>\n<meta property=\"og:site_name\" content=\"Global Mentorship Initiative\" \/>\n<meta property=\"article:publisher\" content=\"https:\/\/www.facebook.com\/globalmentorship\" \/>\n<meta property=\"article:modified_time\" content=\"2026-03-18T15:04:37+00:00\" \/>\n<meta name=\"twitter:card\" content=\"summary_large_image\" \/>\n<meta name=\"twitter:label1\" content=\"Tiempo de lectura\" \/>\n\t<meta name=\"twitter:data1\" content=\"1 minuto\" \/>\n<script type=\"application\/ld+json\" class=\"yoast-schema-graph\">{\"@context\":\"https:\\\/\\\/schema.org\",\"@graph\":[{\"@type\":\"WebPage\",\"@id\":\"https:\\\/\\\/globalmentorship.org\\\/impact-reports\\\/\",\"url\":\"https:\\\/\\\/globalmentorship.org\\\/impact-reports\\\/\",\"name\":\"Impact and Reports - Global Mentorship Initiative\",\"isPartOf\":{\"@id\":\"https:\\\/\\\/globalmentorship.org\\\/#website\"},\"datePublished\":\"2025-06-19T21:43:02+00:00\",\"dateModified\":\"2026-03-18T15:04:37+00:00\",\"breadcrumb\":{\"@id\":\"https:\\\/\\\/globalmentorship.org\\\/impact-reports\\\/#breadcrumb\"},\"inLanguage\":\"es\",\"potentialAction\":[{\"@type\":\"ReadAction\",\"target\":[\"https:\\\/\\\/globalmentorship.org\\\/impact-reports\\\/\"]}]},{\"@type\":\"BreadcrumbList\",\"@id\":\"https:\\\/\\\/globalmentorship.org\\\/impact-reports\\\/#breadcrumb\",\"itemListElement\":[{\"@type\":\"ListItem\",\"position\":1,\"name\":\"Inicio\",\"item\":\"https:\\\/\\\/globalmentorship.org\\\/\"},{\"@type\":\"ListItem\",\"position\":2,\"name\":\"Impact and Reports\"}]},{\"@type\":\"WebSite\",\"@id\":\"https:\\\/\\\/globalmentorship.org\\\/#website\",\"url\":\"https:\\\/\\\/globalmentorship.org\\\/\",\"name\":\"Global Mentorship Initiative\",\"description\":\"\",\"publisher\":{\"@id\":\"https:\\\/\\\/globalmentorship.org\\\/#organization\"},\"potentialAction\":[{\"@type\":\"SearchAction\",\"target\":{\"@type\":\"EntryPoint\",\"urlTemplate\":\"https:\\\/\\\/globalmentorship.org\\\/?s={search_term_string}\"},\"query-input\":{\"@type\":\"PropertyValueSpecification\",\"valueRequired\":true,\"valueName\":\"search_term_string\"}}],\"inLanguage\":\"es\"},{\"@type\":\"Organization\",\"@id\":\"https:\\\/\\\/globalmentorship.org\\\/#organization\",\"name\":\"Global Mentorship Initiative\",\"alternateName\":\"GMI\",\"url\":\"https:\\\/\\\/globalmentorship.org\\\/\",\"logo\":{\"@type\":\"ImageObject\",\"inLanguage\":\"es\",\"@id\":\"https:\\\/\\\/globalmentorship.org\\\/#\\\/schema\\\/logo\\\/image\\\/\",\"url\":\"https:\\\/\\\/globalmentorship.org\\\/wp-content\\\/uploads\\\/2023\\\/02\\\/GMI-Logo-large-square.png\",\"contentUrl\":\"https:\\\/\\\/globalmentorship.org\\\/wp-content\\\/uploads\\\/2023\\\/02\\\/GMI-Logo-large-square.png\",\"width\":696,\"height\":696,\"caption\":\"Global Mentorship Initiative\"},\"image\":{\"@id\":\"https:\\\/\\\/globalmentorship.org\\\/#\\\/schema\\\/logo\\\/image\\\/\"},\"sameAs\":[\"https:\\\/\\\/www.facebook.com\\\/globalmentorship\",\"https:\\\/\\\/www.linkedin.com\\\/company\\\/globalmentorship\",\"https:\\\/\\\/instagram.com\\\/Global_Mentorship\"]}]}<\/script>\n<!-- \/ Yoast SEO plugin. -->","yoast_head_json":{"title":"Impact and Reports - Global Mentorship Initiative","robots":{"index":"index","follow":"follow","max-snippet":"max-snippet:-1","max-image-preview":"max-image-preview:large","max-video-preview":"max-video-preview:-1"},"canonical":"https:\/\/globalmentorship.org\/impact-reports\/","og_locale":"es_ES","og_type":"article","og_title":"Impact and Reports - Global Mentorship Initiative","og_description":"Impulsando Futuros a trav\u00e9s de la Mentor\u00edaLa mentor\u00eda cambia vidas, cerrando la brecha entre la educaci\u00f3n y carreras profesionales significativas para los estudiantes que m\u00e1s lo necesitan: j\u00f3venes universitarios de primera generaci\u00f3n y quienes enfrentan barreras econ\u00f3micas. Con la ayuda de mentores voluntarios comprometidos, brindamos a estudiantes de todo el mundo herramientas para prepararse profesionalmente, [&hellip;]","og_url":"https:\/\/globalmentorship.org\/impact-reports\/","og_site_name":"Global Mentorship Initiative","article_publisher":"https:\/\/www.facebook.com\/globalmentorship","article_modified_time":"2026-03-18T15:04:37+00:00","twitter_card":"summary_large_image","twitter_misc":{"Tiempo de lectura":"1 minuto"},"schema":{"@context":"https:\/\/schema.org","@graph":[{"@type":"WebPage","@id":"https:\/\/globalmentorship.org\/impact-reports\/","url":"https:\/\/globalmentorship.org\/impact-reports\/","name":"Impact and Reports - Global Mentorship Initiative","isPartOf":{"@id":"https:\/\/globalmentorship.org\/#website"},"datePublished":"2025-06-19T21:43:02+00:00","dateModified":"2026-03-18T15:04:37+00:00","breadcrumb":{"@id":"https:\/\/globalmentorship.org\/impact-reports\/#breadcrumb"},"inLanguage":"es","potentialAction":[{"@type":"ReadAction","target":["https:\/\/globalmentorship.org\/impact-reports\/"]}]},{"@type":"BreadcrumbList","@id":"https:\/\/globalmentorship.org\/impact-reports\/#breadcrumb","itemListElement":[{"@type":"ListItem","position":1,"name":"Inicio","item":"https:\/\/globalmentorship.org\/"},{"@type":"ListItem","position":2,"name":"Impact and Reports"}]},{"@type":"WebSite","@id":"https:\/\/globalmentorship.org\/#website","url":"https:\/\/globalmentorship.org\/","name":"Global Mentorship Initiative","description":"","publisher":{"@id":"https:\/\/globalmentorship.org\/#organization"},"potentialAction":[{"@type":"SearchAction","target":{"@type":"EntryPoint","urlTemplate":"https:\/\/globalmentorship.org\/?s={search_term_string}"},"query-input":{"@type":"PropertyValueSpecification","valueRequired":true,"valueName":"search_term_string"}}],"inLanguage":"es"},{"@type":"Organization","@id":"https:\/\/globalmentorship.org\/#organization","name":"Global Mentorship Initiative","alternateName":"GMI","url":"https:\/\/globalmentorship.org\/","logo":{"@type":"ImageObject","inLanguage":"es","@id":"https:\/\/globalmentorship.org\/#\/schema\/logo\/image\/","url":"https:\/\/globalmentorship.org\/wp-content\/uploads\/2023\/02\/GMI-Logo-large-square.png","contentUrl":"https:\/\/globalmentorship.org\/wp-content\/uploads\/2023\/02\/GMI-Logo-large-square.png","width":696,"height":696,"caption":"Global Mentorship Initiative"},"image":{"@id":"https:\/\/globalmentorship.org\/#\/schema\/logo\/image\/"},"sameAs":["https:\/\/www.facebook.com\/globalmentorship","https:\/\/www.linkedin.com\/company\/globalmentorship","https:\/\/instagram.com\/Global_Mentorship"]}]}},"_links":{"self":[{"href":"https:\/\/globalmentorship.org\/es\/wp-json\/wp\/v2\/pages\/18879","targetHints":{"allow":["GET"]}}],"collection":[{"href":"https:\/\/globalmentorship.org\/es\/wp-json\/wp\/v2\/pages"}],"about":[{"href":"https:\/\/globalmentorship.org\/es\/wp-json\/wp\/v2\/types\/page"}],"author":[{"embeddable":true,"href":"https:\/\/globalmentorship.org\/es\/wp-json\/wp\/v2\/users\/1"}],"replies":[{"embeddable":true,"href":"https:\/\/globalmentorship.org\/es\/wp-json\/wp\/v2\/comments?post=18879"}],"version-history":[{"count":6,"href":"https:\/\/globalmentorship.org\/es\/wp-json\/wp\/v2\/pages\/18879\/revisions"}],"predecessor-version":[{"id":21359,"href":"https:\/\/globalmentorship.org\/es\/wp-json\/wp\/v2\/pages\/18879\/revisions\/21359"}],"wp:attachment":[{"href":"https:\/\/globalmentorship.org\/es\/wp-json\/wp\/v2\/media?parent=18879"}],"curies":[{"name":"wp","href":"https:\/\/api.w.org\/{rel}","templated":true}]}}