{"id":18865,"date":"2019-07-17T20:35:10","date_gmt":"2019-07-18T03:35:10","guid":{"rendered":"https:\/\/globalmentorship.org\/news-events\/"},"modified":"2025-09-05T11:21:55","modified_gmt":"2025-09-05T18:21:55","slug":"news-events","status":"publish","type":"page","link":"https:\/\/globalmentorship.org\/es\/news-events\/","title":{"rendered":"GMI News"},"content":{"rendered":"<p>[et_pb_section fb_built=\u00bb1&#8243; _builder_version=\u00bb4.23.1&#8243; _module_preset=\u00bbdefault\u00bb locked=\u00bboff\u00bb global_colors_info=\u00bb{}\u00bb][et_pb_row make_equal=\u00bbon\u00bb _builder_version=\u00bb4.27.4&#8243; _module_preset=\u00bbdefault\u00bb custom_padding=\u00bb0px|||||\u00bb global_colors_info=\u00bb{}\u00bb][et_pb_column type=\u00bb4_4&#8243; _builder_version=\u00bb4.23.1&#8243; _module_preset=\u00bbdefault\u00bb global_colors_info=\u00bb{}\u00bb][et_pb_text _builder_version=\u00bb4.27.4&#8243; _module_preset=\u00bbdefault\u00bb header_font=\u00bb|700|||||||\u00bb hover_enabled=\u00bb0&#8243; global_colors_info=\u00bb{}\u00bb sticky_enabled=\u00bb0&#8243;]<\/p>\n<h1>Noticias y Eventos<\/h1>\n<p>[\/et_pb_text][et_pb_text _builder_version=\u00bb4.27.4&#8243; _module_preset=\u00bbdefault\u00bb custom_padding=\u00bb||0px|||\u00bb hover_enabled=\u00bb0&#8243; global_colors_info=\u00bb{}\u00bb sticky_enabled=\u00bb0&#8243;]<\/p>\n<div class=\"filter-newsevents-loop\"><div class=\"newsevents-filters\"><span class=\"newsevents-filter-label\">Filtrar<svg width=\"20\" height=\"20\" viewBox=\"0 0 20 20\" fill=\"none\" xmlns=\"http:\/\/www.w3.org\/2000\/svg\">\n\t\t        <g clip-path=\"url(#clip0_1201_1953)\">\n\t\t        <path d=\"M3.33325 17.5V11.6667M3.33325 8.33333V2.5M9.99992 17.5V10M9.99992 6.66667V2.5M16.6666 17.5V13.3333M16.6666 10V2.5M0.833252 11.6667H5.83325M7.49992 6.66667H12.4999M14.1666 13.3333H19.1666\" stroke=\"#333333\" stroke-width=\"2\" stroke-linecap=\"round\" stroke-linejoin=\"round\"\/>\n\t\t        <\/g>\n\t\t        <defs>\n\t\t        <clipPath id=\"clip0_1201_1953\">\n\t\t        <rect width=\"20\" height=\"20\" fill=\"white\"\/>\n\t\t        <\/clipPath>\n\t\t        <\/defs>\n\t\t        <\/svg><\/span><button class=\"newsevents-filter-btn\" data-filter=\"news\">Noticias<\/button><span>|<\/span><button class=\"newsevents-filter-btn\" data-filter=\"events\">Eventos<\/button><span>|<\/span><button class=\"newsevents-filter-btn active\" data-filter=\"all\">Todos<\/button><\/div><div class=\"newsevents-grid\">\n\t\t\t<div class=\"newsevents-item event-item\" data-category=\"events\">\n\t\t\t    <a href=\"https:\/\/globalmentorship.org\/es\/sesion-informativa\/\" class=\"newsevents-link\">\n\t\t\t        \t\t\t            <div class=\"newsevents-image\">\n\t\t\t                <img loading=\"lazy\" decoding=\"async\" width=\"720\" height=\"480\" src=\"https:\/\/globalmentorship.org\/wp-content\/uploads\/2025\/06\/Spanish-info-session-graphic-for-website.png\" class=\"attachment-large size-large wp-post-image\" alt=\"\" srcset=\"https:\/\/globalmentorship.org\/wp-content\/uploads\/2025\/06\/Spanish-info-session-graphic-for-website.png 720w, https:\/\/globalmentorship.org\/wp-content\/uploads\/2025\/06\/Spanish-info-session-graphic-for-website-480x320.png 480w\" sizes=\"(min-width: 0px) and (max-width: 480px) 480px, (min-width: 481px) 720px, 100vw\" \/>\t\t\t            <\/div>\n\t\t\t        \t\t\t        <div class=\"newsevent-content\">\n\t\t\t            <h3>Information Session for Youth Partners \/ Sesi\u00f3n Informativa para Socios Juveniles\u00a0<\/h3>\n\t\t\t            <div class=\"newsevents-meta\">\n\t\t\t                Por Global Mentorship Initiative | 30 de junio de 2025 | Eventos\t\t\t            <\/div>\n\t\t\t            <div class=\"newsevents-excerpt\">\n\t\t\t                Global Mentorship (GMI) invites you to join us for a special event where you will learn about the GMI mentorship...\t\t\t            <\/div>\n\t\t\t        <\/div>\n\t\t\t    <\/a>\n\t\t\t<\/div>\n\n            \n\t\t\t<div class=\"newsevents-item event-item\" data-category=\"events\">\n\t\t\t    <a href=\"https:\/\/globalmentorship.org\/es\/mentor-roundtable-on-ai-in-the-job-market\/\" class=\"newsevents-link\">\n\t\t\t        \t\t\t            <div class=\"newsevents-image\">\n\t\t\t                <img loading=\"lazy\" decoding=\"async\" width=\"1024\" height=\"1024\" src=\"https:\/\/globalmentorship.org\/wp-content\/uploads\/2025\/03\/July-15-1024x1024.png\" class=\"attachment-large size-large wp-post-image\" alt=\"\" srcset=\"https:\/\/globalmentorship.org\/wp-content\/uploads\/2025\/03\/July-15-1024x1024.png 1024w, https:\/\/globalmentorship.org\/wp-content\/uploads\/2025\/03\/July-15-980x980.png 980w, https:\/\/globalmentorship.org\/wp-content\/uploads\/2025\/03\/July-15-480x480.png 480w\" sizes=\"(min-width: 0px) and (max-width: 480px) 480px, (min-width: 481px) and (max-width: 980px) 980px, (min-width: 981px) 1024px, 100vw\" \/>\t\t\t            <\/div>\n\t\t\t        \t\t\t        <div class=\"newsevent-content\">\n\t\t\t            <h3>Mentor Roundtable on AI in the Job Market<\/h3>\n\t\t\t            <div class=\"newsevents-meta\">\n\t\t\t                Por Global Mentorship Initiative | 30 de junio de 2025 | Eventos\t\t\t            <\/div>\n\t\t\t            <div class=\"newsevents-excerpt\">\n\t\t\t                Join us on July 15, 2025, for a special Mentor Roundtable on AI in the Job Market! \ud83d\udcbc\ud83e\udd16 We\u2019re bringing...\t\t\t            <\/div>\n\t\t\t        <\/div>\n\t\t\t    <\/a>\n\t\t\t<\/div>\n\n            \n\t\t\t<div class=\"newsevents-item news-item\" data-category=\"news\">\n\t\t\t    <a href=\"https:\/\/globalmentorship.org\/es\/worley-foundation-partners-with-gmi-to-expand-youth-access-to-career-readiness-mentorships\/\" class=\"newsevents-link\">\n\t\t\t        \t\t\t            <div class=\"newsevents-image\">\n\t\t\t                <img loading=\"lazy\" decoding=\"async\" width=\"1024\" height=\"1024\" src=\"https:\/\/globalmentorship.org\/wp-content\/uploads\/2025\/06\/20250617_Worley-Announcment_Resize-2-1024x1024.png\" class=\"attachment-large size-large wp-post-image\" alt=\"\" srcset=\"https:\/\/globalmentorship.org\/wp-content\/uploads\/2025\/06\/20250617_Worley-Announcment_Resize-2-1024x1024.png 1024w, https:\/\/globalmentorship.org\/wp-content\/uploads\/2025\/06\/20250617_Worley-Announcment_Resize-2-980x980.png 980w, https:\/\/globalmentorship.org\/wp-content\/uploads\/2025\/06\/20250617_Worley-Announcment_Resize-2-480x480.png 480w\" sizes=\"(min-width: 0px) and (max-width: 480px) 480px, (min-width: 481px) and (max-width: 980px) 980px, (min-width: 981px) 1024px, 100vw\" \/>\t\t\t            <\/div>\n\t\t\t        \t\t\t        <div class=\"newsevent-content\">\n\t\t\t            <h3>Worley Foundation partners with GMI to expand youth access to career-readiness mentorships<\/h3>\n\t\t\t            <div class=\"newsevents-meta\">\n\t\t\t                Por Global Mentorship Initiative | 17 de junio de 2025 | Noticias\t\t\t            <\/div>\n\t\t\t            <div class=\"newsevents-excerpt\">\n\t\t\t                The Worley Foundation recently awarded Global Mentorship Initiative (GMI) with a three-year grant to support Rising Together, Worley and GMI&#8217;s...\t\t\t            <\/div>\n\t\t\t        <\/div>\n\t\t\t    <\/a>\n\t\t\t<\/div>\n\n            \n\t\t\t<div class=\"newsevents-item news-item\" data-category=\"news\">\n\t\t\t    <a href=\"https:\/\/globalmentorship.org\/es\/el-programa-de-mentoria-en-espanol-de-gmi-se-lanzara-en-2025-gracias-a-la-fundacion-baker-hughes\/\" class=\"newsevents-link\">\n\t\t\t        \t\t\t            <div class=\"newsevents-image\">\n\t\t\t                <img loading=\"lazy\" decoding=\"async\" width=\"1024\" height=\"1024\" src=\"https:\/\/globalmentorship.org\/wp-content\/uploads\/2025\/06\/Baker-Hughes-grant-announcement_Graphic-1024x1024.png\" class=\"attachment-large size-large wp-post-image\" alt=\"\" srcset=\"https:\/\/globalmentorship.org\/wp-content\/uploads\/2025\/06\/Baker-Hughes-grant-announcement_Graphic-1024x1024.png 1024w, https:\/\/globalmentorship.org\/wp-content\/uploads\/2025\/06\/Baker-Hughes-grant-announcement_Graphic-980x980.png 980w, https:\/\/globalmentorship.org\/wp-content\/uploads\/2025\/06\/Baker-Hughes-grant-announcement_Graphic-480x480.png 480w\" sizes=\"(min-width: 0px) and (max-width: 480px) 480px, (min-width: 481px) and (max-width: 980px) 980px, (min-width: 981px) 1024px, 100vw\" \/>\t\t\t            <\/div>\n\t\t\t        \t\t\t        <div class=\"newsevent-content\">\n\t\t\t            <h3>El programa de mentor\u00eda en espa\u00f1ol de GMI se lanzar\u00e1 en 2025 gracias a la Fundaci\u00f3n Baker Hughes.<\/h3>\n\t\t\t            <div class=\"newsevents-meta\">\n\t\t\t                Por Global Mentorship Initiative | 4 de junio de 2025 | Noticias\t\t\t            <\/div>\n\t\t\t            <div class=\"newsevents-excerpt\">\n\t\t\t                [et_pb_section admin_label=\u00bbsection\u00bb] [et_pb_row admin_label=\u00bbrow\u00bb] [et_pb_column type=\u00bb4_4&#8243;][et_pb_text admin_label=\u00bbText\u00bb] Global Mentorship Initiative (GMI) comenzar\u00e1 a ofrecer su programa de mentor\u00eda para preparaci\u00f3n...\t\t\t            <\/div>\n\t\t\t        <\/div>\n\t\t\t    <\/a>\n\t\t\t<\/div>\n\n            <\/div><div class=\"et_pb_button_module_wrapper et_pb_button_1_wrapper et_pb_module\" style=\"text-align:center; margin-top:20px;\"><a href=\"#\" class=\"et_pb_button et_pb_button_1 newsevents-loadmore-btn et_pb_bg_layout_light\">Cargar m\u00e1s<\/a><\/div><\/div>\n<p>[\/et_pb_text][\/et_pb_column][\/et_pb_row][\/et_pb_section]<\/p>\n","protected":false},"excerpt":{"rendered":"<p>[et_pb_section fb_built=\u00bb1&#8243; _builder_version=\u00bb4.23.1&#8243; _module_preset=\u00bbdefault\u00bb locked=\u00bboff\u00bb global_colors_info=\u00bb{}\u00bb][et_pb_row make_equal=\u00bbon\u00bb _builder_version=\u00bb4.27.4&#8243; _module_preset=\u00bbdefault\u00bb custom_padding=\u00bb0px|||||\u00bb global_colors_info=\u00bb{}\u00bb][et_pb_column type=\u00bb4_4&#8243; _builder_version=\u00bb4.23.1&#8243; _module_preset=\u00bbdefault\u00bb global_colors_info=\u00bb{}\u00bb][et_pb_text _builder_version=\u00bb4.27.4&#8243; _module_preset=\u00bbdefault\u00bb header_font=\u00bb|700|||||||\u00bb hover_enabled=\u00bb0&#8243; global_colors_info=\u00bb{}\u00bb sticky_enabled=\u00bb0&#8243;] Noticias y Eventos [\/et_pb_text][et_pb_text _builder_version=\u00bb4.27.4&#8243; _module_preset=\u00bbdefault\u00bb custom_padding=\u00bb||0px|||\u00bb hover_enabled=\u00bb0&#8243; global_colors_info=\u00bb{}\u00bb sticky_enabled=\u00bb0&#8243;] [\/et_pb_text][\/et_pb_column][\/et_pb_row][\/et_pb_section]<\/p>\n","protected":false},"author":1,"featured_media":0,"parent":0,"menu_order":0,"comment_status":"closed","ping_status":"closed","template":"","meta":{"_bbp_topic_count":0,"_bbp_reply_count":0,"_bbp_total_topic_count":0,"_bbp_total_reply_count":0,"_bbp_voice_count":0,"_bbp_anonymous_reply_count":0,"_bbp_topic_count_hidden":0,"_bbp_reply_count_hidden":0,"_bbp_forum_subforum_count":0,"_et_pb_use_builder":"on","_et_pb_old_content":"<p>[vc_section css=\".vc_custom_1600816367105{padding-top: 60px !important;padding-bottom: 60px !important;}\"][vc_row][vc_column][vc_basic_grid post_type=\"post\" max_items=\"10\" style=\"load-more\" element_width=\"6\" item=\"1236\" btn_color=\"grey\" grid_id=\"vc_gid:1612222145532-ed0a95d7-2e07-6\" el_class=\"customBtn\"][\/vc_column][\/vc_row][\/vc_section]<\/p>","_et_gb_content_width":"","_exactmetrics_skip_tracking":false,"_exactmetrics_sitenote_active":false,"_exactmetrics_sitenote_note":"","_exactmetrics_sitenote_category":0,"footnotes":"","_links_to":"","_links_to_target":""},"class_list":["post-18865","page","type-page","status-publish","hentry"],"yoast_head":"<!-- This site is optimized with the Yoast SEO plugin v27.4 - https:\/\/yoast.com\/product\/yoast-seo-wordpress\/ -->\n<title>GMI News - Global Mentorship Initiative<\/title>\n<meta name=\"robots\" content=\"index, follow, max-snippet:-1, max-image-preview:large, max-video-preview:-1\" \/>\n<link rel=\"canonical\" href=\"https:\/\/globalmentorship.org\/news-events\/\" \/>\n<meta property=\"og:locale\" content=\"es_ES\" \/>\n<meta property=\"og:type\" content=\"article\" \/>\n<meta property=\"og:title\" content=\"GMI News - Global Mentorship Initiative\" \/>\n<meta property=\"og:description\" content=\"[et_pb_section fb_built=\u00bb1&#8243; _builder_version=\u00bb4.23.1&#8243; _module_preset=\u00bbdefault\u00bb locked=\u00bboff\u00bb global_colors_info=\u00bb{}\u00bb][et_pb_row make_equal=\u00bbon\u00bb _builder_version=\u00bb4.27.4&#8243; _module_preset=\u00bbdefault\u00bb custom_padding=\u00bb0px|||||\u00bb global_colors_info=\u00bb{}\u00bb][et_pb_column type=\u00bb4_4&#8243; _builder_version=\u00bb4.23.1&#8243; _module_preset=\u00bbdefault\u00bb global_colors_info=\u00bb{}\u00bb][et_pb_text _builder_version=\u00bb4.27.4&#8243; _module_preset=\u00bbdefault\u00bb header_font=\u00bb|700|||||||\u00bb hover_enabled=\u00bb0&#8243; global_colors_info=\u00bb{}\u00bb sticky_enabled=\u00bb0&#8243;] Noticias y Eventos [\/et_pb_text][et_pb_text _builder_version=\u00bb4.27.4&#8243; _module_preset=\u00bbdefault\u00bb custom_padding=\u00bb||0px|||\u00bb hover_enabled=\u00bb0&#8243; global_colors_info=\u00bb{}\u00bb sticky_enabled=\u00bb0&#8243;] [\/et_pb_text][\/et_pb_column][\/et_pb_row][\/et_pb_section]\" \/>\n<meta property=\"og:url\" content=\"https:\/\/globalmentorship.org\/news-events\/\" \/>\n<meta property=\"og:site_name\" content=\"Global Mentorship Initiative\" \/>\n<meta property=\"article:publisher\" content=\"https:\/\/www.facebook.com\/globalmentorship\" \/>\n<meta property=\"article:modified_time\" content=\"2025-09-05T18:21:55+00:00\" \/>\n<meta name=\"twitter:card\" content=\"summary_large_image\" \/>\n<meta name=\"twitter:label1\" content=\"Tiempo de lectura\" \/>\n\t<meta name=\"twitter:data1\" content=\"6 minuto\" \/>\n<script type=\"application\/ld+json\" class=\"yoast-schema-graph\">{\"@context\":\"https:\\\/\\\/schema.org\",\"@graph\":[{\"@type\":\"WebPage\",\"@id\":\"https:\\\/\\\/globalmentorship.org\\\/news-events\\\/\",\"url\":\"https:\\\/\\\/globalmentorship.org\\\/news-events\\\/\",\"name\":\"GMI News - Global Mentorship Initiative\",\"isPartOf\":{\"@id\":\"https:\\\/\\\/globalmentorship.org\\\/#website\"},\"datePublished\":\"2019-07-18T03:35:10+00:00\",\"dateModified\":\"2025-09-05T18:21:55+00:00\",\"breadcrumb\":{\"@id\":\"https:\\\/\\\/globalmentorship.org\\\/news-events\\\/#breadcrumb\"},\"inLanguage\":\"es\",\"potentialAction\":[{\"@type\":\"ReadAction\",\"target\":[\"https:\\\/\\\/globalmentorship.org\\\/news-events\\\/\"]}]},{\"@type\":\"BreadcrumbList\",\"@id\":\"https:\\\/\\\/globalmentorship.org\\\/news-events\\\/#breadcrumb\",\"itemListElement\":[{\"@type\":\"ListItem\",\"position\":1,\"name\":\"Inicio\",\"item\":\"https:\\\/\\\/globalmentorship.org\\\/\"},{\"@type\":\"ListItem\",\"position\":2,\"name\":\"GMI News\"}]},{\"@type\":\"WebSite\",\"@id\":\"https:\\\/\\\/globalmentorship.org\\\/#website\",\"url\":\"https:\\\/\\\/globalmentorship.org\\\/\",\"name\":\"Global Mentorship Initiative\",\"description\":\"\",\"publisher\":{\"@id\":\"https:\\\/\\\/globalmentorship.org\\\/#organization\"},\"potentialAction\":[{\"@type\":\"SearchAction\",\"target\":{\"@type\":\"EntryPoint\",\"urlTemplate\":\"https:\\\/\\\/globalmentorship.org\\\/?s={search_term_string}\"},\"query-input\":{\"@type\":\"PropertyValueSpecification\",\"valueRequired\":true,\"valueName\":\"search_term_string\"}}],\"inLanguage\":\"es\"},{\"@type\":\"Organization\",\"@id\":\"https:\\\/\\\/globalmentorship.org\\\/#organization\",\"name\":\"Global Mentorship Initiative\",\"alternateName\":\"GMI\",\"url\":\"https:\\\/\\\/globalmentorship.org\\\/\",\"logo\":{\"@type\":\"ImageObject\",\"inLanguage\":\"es\",\"@id\":\"https:\\\/\\\/globalmentorship.org\\\/#\\\/schema\\\/logo\\\/image\\\/\",\"url\":\"https:\\\/\\\/globalmentorship.org\\\/wp-content\\\/uploads\\\/2023\\\/02\\\/GMI-Logo-large-square.png\",\"contentUrl\":\"https:\\\/\\\/globalmentorship.org\\\/wp-content\\\/uploads\\\/2023\\\/02\\\/GMI-Logo-large-square.png\",\"width\":696,\"height\":696,\"caption\":\"Global Mentorship Initiative\"},\"image\":{\"@id\":\"https:\\\/\\\/globalmentorship.org\\\/#\\\/schema\\\/logo\\\/image\\\/\"},\"sameAs\":[\"https:\\\/\\\/www.facebook.com\\\/globalmentorship\",\"https:\\\/\\\/www.linkedin.com\\\/company\\\/globalmentorship\",\"https:\\\/\\\/instagram.com\\\/Global_Mentorship\"]}]}<\/script>\n<!-- \/ Yoast SEO plugin. -->","yoast_head_json":{"title":"GMI News - Global Mentorship Initiative","robots":{"index":"index","follow":"follow","max-snippet":"max-snippet:-1","max-image-preview":"max-image-preview:large","max-video-preview":"max-video-preview:-1"},"canonical":"https:\/\/globalmentorship.org\/news-events\/","og_locale":"es_ES","og_type":"article","og_title":"GMI News - Global Mentorship Initiative","og_description":"[et_pb_section fb_built=\u00bb1&#8243; _builder_version=\u00bb4.23.1&#8243; _module_preset=\u00bbdefault\u00bb locked=\u00bboff\u00bb global_colors_info=\u00bb{}\u00bb][et_pb_row make_equal=\u00bbon\u00bb _builder_version=\u00bb4.27.4&#8243; _module_preset=\u00bbdefault\u00bb custom_padding=\u00bb0px|||||\u00bb global_colors_info=\u00bb{}\u00bb][et_pb_column type=\u00bb4_4&#8243; _builder_version=\u00bb4.23.1&#8243; _module_preset=\u00bbdefault\u00bb global_colors_info=\u00bb{}\u00bb][et_pb_text _builder_version=\u00bb4.27.4&#8243; _module_preset=\u00bbdefault\u00bb header_font=\u00bb|700|||||||\u00bb hover_enabled=\u00bb0&#8243; global_colors_info=\u00bb{}\u00bb sticky_enabled=\u00bb0&#8243;] Noticias y Eventos [\/et_pb_text][et_pb_text _builder_version=\u00bb4.27.4&#8243; _module_preset=\u00bbdefault\u00bb custom_padding=\u00bb||0px|||\u00bb hover_enabled=\u00bb0&#8243; global_colors_info=\u00bb{}\u00bb sticky_enabled=\u00bb0&#8243;] [\/et_pb_text][\/et_pb_column][\/et_pb_row][\/et_pb_section]","og_url":"https:\/\/globalmentorship.org\/news-events\/","og_site_name":"Global Mentorship Initiative","article_publisher":"https:\/\/www.facebook.com\/globalmentorship","article_modified_time":"2025-09-05T18:21:55+00:00","twitter_card":"summary_large_image","twitter_misc":{"Tiempo de lectura":"6 minuto"},"schema":{"@context":"https:\/\/schema.org","@graph":[{"@type":"WebPage","@id":"https:\/\/globalmentorship.org\/news-events\/","url":"https:\/\/globalmentorship.org\/news-events\/","name":"GMI News - Global Mentorship Initiative","isPartOf":{"@id":"https:\/\/globalmentorship.org\/#website"},"datePublished":"2019-07-18T03:35:10+00:00","dateModified":"2025-09-05T18:21:55+00:00","breadcrumb":{"@id":"https:\/\/globalmentorship.org\/news-events\/#breadcrumb"},"inLanguage":"es","potentialAction":[{"@type":"ReadAction","target":["https:\/\/globalmentorship.org\/news-events\/"]}]},{"@type":"BreadcrumbList","@id":"https:\/\/globalmentorship.org\/news-events\/#breadcrumb","itemListElement":[{"@type":"ListItem","position":1,"name":"Inicio","item":"https:\/\/globalmentorship.org\/"},{"@type":"ListItem","position":2,"name":"GMI News"}]},{"@type":"WebSite","@id":"https:\/\/globalmentorship.org\/#website","url":"https:\/\/globalmentorship.org\/","name":"Global Mentorship Initiative","description":"","publisher":{"@id":"https:\/\/globalmentorship.org\/#organization"},"potentialAction":[{"@type":"SearchAction","target":{"@type":"EntryPoint","urlTemplate":"https:\/\/globalmentorship.org\/?s={search_term_string}"},"query-input":{"@type":"PropertyValueSpecification","valueRequired":true,"valueName":"search_term_string"}}],"inLanguage":"es"},{"@type":"Organization","@id":"https:\/\/globalmentorship.org\/#organization","name":"Global Mentorship Initiative","alternateName":"GMI","url":"https:\/\/globalmentorship.org\/","logo":{"@type":"ImageObject","inLanguage":"es","@id":"https:\/\/globalmentorship.org\/#\/schema\/logo\/image\/","url":"https:\/\/globalmentorship.org\/wp-content\/uploads\/2023\/02\/GMI-Logo-large-square.png","contentUrl":"https:\/\/globalmentorship.org\/wp-content\/uploads\/2023\/02\/GMI-Logo-large-square.png","width":696,"height":696,"caption":"Global Mentorship Initiative"},"image":{"@id":"https:\/\/globalmentorship.org\/#\/schema\/logo\/image\/"},"sameAs":["https:\/\/www.facebook.com\/globalmentorship","https:\/\/www.linkedin.com\/company\/globalmentorship","https:\/\/instagram.com\/Global_Mentorship"]}]}},"_links":{"self":[{"href":"https:\/\/globalmentorship.org\/es\/wp-json\/wp\/v2\/pages\/18865","targetHints":{"allow":["GET"]}}],"collection":[{"href":"https:\/\/globalmentorship.org\/es\/wp-json\/wp\/v2\/pages"}],"about":[{"href":"https:\/\/globalmentorship.org\/es\/wp-json\/wp\/v2\/types\/page"}],"author":[{"embeddable":true,"href":"https:\/\/globalmentorship.org\/es\/wp-json\/wp\/v2\/users\/1"}],"replies":[{"embeddable":true,"href":"https:\/\/globalmentorship.org\/es\/wp-json\/wp\/v2\/comments?post=18865"}],"version-history":[{"count":2,"href":"https:\/\/globalmentorship.org\/es\/wp-json\/wp\/v2\/pages\/18865\/revisions"}],"predecessor-version":[{"id":20199,"href":"https:\/\/globalmentorship.org\/es\/wp-json\/wp\/v2\/pages\/18865\/revisions\/20199"}],"wp:attachment":[{"href":"https:\/\/globalmentorship.org\/es\/wp-json\/wp\/v2\/media?parent=18865"}],"curies":[{"name":"wp","href":"https:\/\/api.w.org\/{rel}","templated":true}]}}