{"id":18023,"date":"2025-06-17T17:14:19","date_gmt":"2025-06-18T00:14:19","guid":{"rendered":"https:\/\/globalmentorship.org\/mission\/"},"modified":"2026-02-10T09:28:14","modified_gmt":"2026-02-10T16:28:14","slug":"mission","status":"publish","type":"page","link":"https:\/\/globalmentorship.org\/es\/mission\/","title":{"rendered":"Mission &amp; Vision"},"content":{"rendered":"<p>[et_pb_section fb_built=\u00bb1&#8243; _builder_version=\u00bb4.27.4&#8243; _module_preset=\u00bbdefault\u00bb global_colors_info=\u00bb{}\u00bb][et_pb_row _builder_version=\u00bb4.27.4&#8243; _module_preset=\u00bbdefault\u00bb global_colors_info=\u00bb{}\u00bb][et_pb_column type=\u00bb4_4&#8243; _builder_version=\u00bb4.27.4&#8243; _module_preset=\u00bbdefault\u00bb global_colors_info=\u00bb{}\u00bb][et_pb_text _builder_version=\u00bb4.27.4&#8243; _module_preset=\u00bbdefault\u00bb header_font=\u00bb|700|||||||\u00bb global_colors_info=\u00bb{}\u00bb]<\/p>\n<h1>Misi\u00f3n y Visi\u00f3n<\/h1>\n<p>[\/et_pb_text][et_pb_text _builder_version=\u00bb4.27.5&#8243; _module_preset=\u00bbdefault\u00bb hover_enabled=\u00bb0&#8243; global_colors_info=\u00bb{}\u00bb sticky_enabled=\u00bb0&#8243;]<\/p>\n<p data-start=\"0\" data-end=\"144\">En Global Mentorship Initiative, nuestra misi\u00f3n es cerrar la brecha entre la graduaci\u00f3n y el primer empleo profesional para j\u00f3venes aspirantes.<\/p>\n<p data-start=\"146\" data-end=\"460\">Imaginamos un mundo donde cada joven, sin importar d\u00f3nde haya nacido, pueda acceder a un empleo digno y a oportunidades profesionales significativas. Para 2035, nuestro objetivo es conectar a 250,000 estudiantes y personas refugiadas desplazadas con empleos, a trav\u00e9s de nuestros programas de mentor\u00eda escalables.<\/p>\n<p data-start=\"462\" data-end=\"651\" data-is-last-node=\"\" data-is-only-node=\"\">Como una organizaci\u00f3n que busca generar un impacto positivo en las comunidades a nivel global, GMI apoya y alinea su trabajo con los siguientes Objetivos de Desarrollo Sostenible de la ONU:<\/p>\n<p>[\/et_pb_text][et_pb_image src=\u00bbhttps:\/\/globalmentorship.org\/wp-content\/uploads\/2025\/08\/UN-SDGs_ES.png\u00bb alt=\u00bbUN SDGs\u00bb title_text=\u00bbUN SDGs_ES\u00bb _builder_version=\u00bb4.27.4&#8243; _module_preset=\u00bbdefault\u00bb max_width=\u00bb50%\u00bb global_colors_info=\u00bb{}\u00bb][\/et_pb_image][\/et_pb_column][\/et_pb_row][\/et_pb_section]<\/p>\n","protected":false},"excerpt":{"rendered":"<p>Misi\u00f3n y Visi\u00f3nEn Global Mentorship Initiative, nuestra misi\u00f3n es cerrar la brecha entre la graduaci\u00f3n y el primer empleo profesional para j\u00f3venes aspirantes. Imaginamos un mundo donde cada joven, sin importar d\u00f3nde haya nacido, pueda acceder a un empleo digno y a oportunidades profesionales significativas. Para 2035, nuestro objetivo es conectar a 250,000 estudiantes y [&hellip;]<\/p>\n","protected":false},"author":1,"featured_media":0,"parent":0,"menu_order":0,"comment_status":"closed","ping_status":"closed","template":"","meta":{"_bbp_topic_count":0,"_bbp_reply_count":0,"_bbp_total_topic_count":0,"_bbp_total_reply_count":0,"_bbp_voice_count":0,"_bbp_anonymous_reply_count":0,"_bbp_topic_count_hidden":0,"_bbp_reply_count_hidden":0,"_bbp_forum_subforum_count":0,"_et_pb_use_builder":"on","_et_pb_old_content":"","_et_gb_content_width":"","_exactmetrics_skip_tracking":false,"_exactmetrics_sitenote_active":false,"_exactmetrics_sitenote_note":"","_exactmetrics_sitenote_category":0,"footnotes":"","_links_to":"","_links_to_target":""},"class_list":["post-18023","page","type-page","status-publish","hentry"],"yoast_head":"<!-- This site is optimized with the Yoast SEO plugin v27.4 - https:\/\/yoast.com\/product\/yoast-seo-wordpress\/ -->\n<title>Mission &amp; Vision - Global Mentorship Initiative<\/title>\n<meta name=\"robots\" content=\"index, follow, max-snippet:-1, max-image-preview:large, max-video-preview:-1\" \/>\n<link rel=\"canonical\" href=\"https:\/\/globalmentorship.org\/mission\/\" \/>\n<meta property=\"og:locale\" content=\"es_ES\" \/>\n<meta property=\"og:type\" content=\"article\" \/>\n<meta property=\"og:title\" content=\"Mission &amp; Vision - Global Mentorship Initiative\" \/>\n<meta property=\"og:description\" content=\"Misi\u00f3n y Visi\u00f3nEn Global Mentorship Initiative, nuestra misi\u00f3n es cerrar la brecha entre la graduaci\u00f3n y el primer empleo profesional para j\u00f3venes aspirantes. Imaginamos un mundo donde cada joven, sin importar d\u00f3nde haya nacido, pueda acceder a un empleo digno y a oportunidades profesionales significativas. Para 2035, nuestro objetivo es conectar a 250,000 estudiantes y [&hellip;]\" \/>\n<meta property=\"og:url\" content=\"https:\/\/globalmentorship.org\/mission\/\" \/>\n<meta property=\"og:site_name\" content=\"Global Mentorship Initiative\" \/>\n<meta property=\"article:publisher\" content=\"https:\/\/www.facebook.com\/globalmentorship\" \/>\n<meta property=\"article:modified_time\" content=\"2026-02-10T16:28:14+00:00\" \/>\n<meta name=\"twitter:card\" content=\"summary_large_image\" \/>\n<script type=\"application\/ld+json\" class=\"yoast-schema-graph\">{\"@context\":\"https:\\\/\\\/schema.org\",\"@graph\":[{\"@type\":\"WebPage\",\"@id\":\"https:\\\/\\\/globalmentorship.org\\\/mission\\\/\",\"url\":\"https:\\\/\\\/globalmentorship.org\\\/mission\\\/\",\"name\":\"Mission &amp; Vision - Global Mentorship Initiative\",\"isPartOf\":{\"@id\":\"https:\\\/\\\/globalmentorship.org\\\/#website\"},\"datePublished\":\"2025-06-18T00:14:19+00:00\",\"dateModified\":\"2026-02-10T16:28:14+00:00\",\"breadcrumb\":{\"@id\":\"https:\\\/\\\/globalmentorship.org\\\/mission\\\/#breadcrumb\"},\"inLanguage\":\"es\",\"potentialAction\":[{\"@type\":\"ReadAction\",\"target\":[\"https:\\\/\\\/globalmentorship.org\\\/mission\\\/\"]}]},{\"@type\":\"BreadcrumbList\",\"@id\":\"https:\\\/\\\/globalmentorship.org\\\/mission\\\/#breadcrumb\",\"itemListElement\":[{\"@type\":\"ListItem\",\"position\":1,\"name\":\"Inicio\",\"item\":\"https:\\\/\\\/globalmentorship.org\\\/\"},{\"@type\":\"ListItem\",\"position\":2,\"name\":\"Mission &amp; Vision\"}]},{\"@type\":\"WebSite\",\"@id\":\"https:\\\/\\\/globalmentorship.org\\\/#website\",\"url\":\"https:\\\/\\\/globalmentorship.org\\\/\",\"name\":\"Global Mentorship Initiative\",\"description\":\"\",\"publisher\":{\"@id\":\"https:\\\/\\\/globalmentorship.org\\\/#organization\"},\"potentialAction\":[{\"@type\":\"SearchAction\",\"target\":{\"@type\":\"EntryPoint\",\"urlTemplate\":\"https:\\\/\\\/globalmentorship.org\\\/?s={search_term_string}\"},\"query-input\":{\"@type\":\"PropertyValueSpecification\",\"valueRequired\":true,\"valueName\":\"search_term_string\"}}],\"inLanguage\":\"es\"},{\"@type\":\"Organization\",\"@id\":\"https:\\\/\\\/globalmentorship.org\\\/#organization\",\"name\":\"Global Mentorship Initiative\",\"alternateName\":\"GMI\",\"url\":\"https:\\\/\\\/globalmentorship.org\\\/\",\"logo\":{\"@type\":\"ImageObject\",\"inLanguage\":\"es\",\"@id\":\"https:\\\/\\\/globalmentorship.org\\\/#\\\/schema\\\/logo\\\/image\\\/\",\"url\":\"https:\\\/\\\/globalmentorship.org\\\/wp-content\\\/uploads\\\/2023\\\/02\\\/GMI-Logo-large-square.png\",\"contentUrl\":\"https:\\\/\\\/globalmentorship.org\\\/wp-content\\\/uploads\\\/2023\\\/02\\\/GMI-Logo-large-square.png\",\"width\":696,\"height\":696,\"caption\":\"Global Mentorship Initiative\"},\"image\":{\"@id\":\"https:\\\/\\\/globalmentorship.org\\\/#\\\/schema\\\/logo\\\/image\\\/\"},\"sameAs\":[\"https:\\\/\\\/www.facebook.com\\\/globalmentorship\",\"https:\\\/\\\/www.linkedin.com\\\/company\\\/globalmentorship\",\"https:\\\/\\\/instagram.com\\\/Global_Mentorship\"]}]}<\/script>\n<!-- \/ Yoast SEO plugin. -->","yoast_head_json":{"title":"Mission &amp; Vision - Global Mentorship Initiative","robots":{"index":"index","follow":"follow","max-snippet":"max-snippet:-1","max-image-preview":"max-image-preview:large","max-video-preview":"max-video-preview:-1"},"canonical":"https:\/\/globalmentorship.org\/mission\/","og_locale":"es_ES","og_type":"article","og_title":"Mission &amp; Vision - Global Mentorship Initiative","og_description":"Misi\u00f3n y Visi\u00f3nEn Global Mentorship Initiative, nuestra misi\u00f3n es cerrar la brecha entre la graduaci\u00f3n y el primer empleo profesional para j\u00f3venes aspirantes. Imaginamos un mundo donde cada joven, sin importar d\u00f3nde haya nacido, pueda acceder a un empleo digno y a oportunidades profesionales significativas. Para 2035, nuestro objetivo es conectar a 250,000 estudiantes y [&hellip;]","og_url":"https:\/\/globalmentorship.org\/mission\/","og_site_name":"Global Mentorship Initiative","article_publisher":"https:\/\/www.facebook.com\/globalmentorship","article_modified_time":"2026-02-10T16:28:14+00:00","twitter_card":"summary_large_image","schema":{"@context":"https:\/\/schema.org","@graph":[{"@type":"WebPage","@id":"https:\/\/globalmentorship.org\/mission\/","url":"https:\/\/globalmentorship.org\/mission\/","name":"Mission &amp; Vision - Global Mentorship Initiative","isPartOf":{"@id":"https:\/\/globalmentorship.org\/#website"},"datePublished":"2025-06-18T00:14:19+00:00","dateModified":"2026-02-10T16:28:14+00:00","breadcrumb":{"@id":"https:\/\/globalmentorship.org\/mission\/#breadcrumb"},"inLanguage":"es","potentialAction":[{"@type":"ReadAction","target":["https:\/\/globalmentorship.org\/mission\/"]}]},{"@type":"BreadcrumbList","@id":"https:\/\/globalmentorship.org\/mission\/#breadcrumb","itemListElement":[{"@type":"ListItem","position":1,"name":"Inicio","item":"https:\/\/globalmentorship.org\/"},{"@type":"ListItem","position":2,"name":"Mission &amp; Vision"}]},{"@type":"WebSite","@id":"https:\/\/globalmentorship.org\/#website","url":"https:\/\/globalmentorship.org\/","name":"Global Mentorship Initiative","description":"","publisher":{"@id":"https:\/\/globalmentorship.org\/#organization"},"potentialAction":[{"@type":"SearchAction","target":{"@type":"EntryPoint","urlTemplate":"https:\/\/globalmentorship.org\/?s={search_term_string}"},"query-input":{"@type":"PropertyValueSpecification","valueRequired":true,"valueName":"search_term_string"}}],"inLanguage":"es"},{"@type":"Organization","@id":"https:\/\/globalmentorship.org\/#organization","name":"Global Mentorship Initiative","alternateName":"GMI","url":"https:\/\/globalmentorship.org\/","logo":{"@type":"ImageObject","inLanguage":"es","@id":"https:\/\/globalmentorship.org\/#\/schema\/logo\/image\/","url":"https:\/\/globalmentorship.org\/wp-content\/uploads\/2023\/02\/GMI-Logo-large-square.png","contentUrl":"https:\/\/globalmentorship.org\/wp-content\/uploads\/2023\/02\/GMI-Logo-large-square.png","width":696,"height":696,"caption":"Global Mentorship Initiative"},"image":{"@id":"https:\/\/globalmentorship.org\/#\/schema\/logo\/image\/"},"sameAs":["https:\/\/www.facebook.com\/globalmentorship","https:\/\/www.linkedin.com\/company\/globalmentorship","https:\/\/instagram.com\/Global_Mentorship"]}]}},"_links":{"self":[{"href":"https:\/\/globalmentorship.org\/es\/wp-json\/wp\/v2\/pages\/18023","targetHints":{"allow":["GET"]}}],"collection":[{"href":"https:\/\/globalmentorship.org\/es\/wp-json\/wp\/v2\/pages"}],"about":[{"href":"https:\/\/globalmentorship.org\/es\/wp-json\/wp\/v2\/types\/page"}],"author":[{"embeddable":true,"href":"https:\/\/globalmentorship.org\/es\/wp-json\/wp\/v2\/users\/1"}],"replies":[{"embeddable":true,"href":"https:\/\/globalmentorship.org\/es\/wp-json\/wp\/v2\/comments?post=18023"}],"version-history":[{"count":4,"href":"https:\/\/globalmentorship.org\/es\/wp-json\/wp\/v2\/pages\/18023\/revisions"}],"predecessor-version":[{"id":21128,"href":"https:\/\/globalmentorship.org\/es\/wp-json\/wp\/v2\/pages\/18023\/revisions\/21128"}],"wp:attachment":[{"href":"https:\/\/globalmentorship.org\/es\/wp-json\/wp\/v2\/media?parent=18023"}],"curies":[{"name":"wp","href":"https:\/\/api.w.org\/{rel}","templated":true}]}}