{"id":17999,"date":"2019-07-16T17:52:43","date_gmt":"2019-07-17T00:52:43","guid":{"rendered":"https:\/\/globalmentorship.org\/donate\/"},"modified":"2025-08-25T09:43:25","modified_gmt":"2025-08-25T16:43:25","slug":"donate","status":"publish","type":"page","link":"https:\/\/globalmentorship.org\/es\/donate\/","title":{"rendered":"Donate"},"content":{"rendered":"<p>[et_pb_section fb_built=\u00bb1&#8243; _builder_version=\u00bb4.27.4&#8243; _module_preset=\u00bbdefault\u00bb global_colors_info=\u00bb{}\u00bb][et_pb_row column_structure=\u00bb1_2,1_2&#8243; _builder_version=\u00bb4.27.4&#8243; _module_preset=\u00bbdefault\u00bb global_colors_info=\u00bb{}\u00bb][et_pb_column type=\u00bb1_2&#8243; _builder_version=\u00bb4.27.4&#8243; _module_preset=\u00bbdefault\u00bb background_color=\u00bb#4A90C5&#8243; custom_padding=\u00bb32px|32px|32px|32px|false|false\u00bb border_radii=\u00bbon|24px|24px|24px|24px\u00bb box_shadow_style=\u00bbpreset1&#8243; box_shadow_vertical=\u00bb4px\u00bb box_shadow_blur=\u00bb4px\u00bb box_shadow_color=\u00bbrgba(0,0,0,0.25)\u00bb global_colors_info=\u00bb{}\u00bb][et_pb_text admin_label=\u00bbHeader\u00bb _builder_version=\u00bb4.27.4&#8243; _module_preset=\u00bbdefault\u00bb header_font=\u00bb|700|||||||\u00bb header_text_color=\u00bb#FFFFFF\u00bb hover_enabled=\u00bb0&#8243; global_colors_info=\u00bb{}\u00bb sticky_enabled=\u00bb0&#8243;]<\/p>\n<h1>Regala una Oportunidad<\/h1>\n<p>[\/et_pb_text][et_pb_code admin_label=\u00bbCode\u00bb _builder_version=\u00bb4.27.0&#8243; _module_preset=\u00bbdefault\u00bb text_orientation=\u00bbcenter\u00bb border_radii=\u00bbon|12px|12px|12px|12px\u00bb global_colors_info=\u00bb{}\u00bb]<iframe loading=\"lazy\" width=\"560\" height=\"315\" src=\"https:\/\/www.youtube.com\/embed\/bBL0_12NSWY?si=x_YF89kD8UhnEZl3\" title=\"YouTube video player\" frameborder=\"0\" allow=\"accelerometer; autoplay; clipboard-write; encrypted-media; gyroscope; picture-in-picture; web-share\" referrerpolicy=\"strict-origin-when-cross-origin\" allowfullscreen><\/iframe>[\/et_pb_code][et_pb_text _builder_version=\u00bb4.27.4&#8243; _module_preset=\u00bbdefault\u00bb text_text_color=\u00bb#FFFFFF\u00bb hover_enabled=\u00bb0&#8243; global_colors_info=\u00bb{}\u00bb sticky_enabled=\u00bb0&#8243;]<\/p>\n<p data-start=\"457\" data-end=\"662\">Cada donaci\u00f3n, sin importar la cantidad, desempe\u00f1a un papel clave en ayudar a GMI a cumplir su misi\u00f3n de cerrar la brecha entre la graduaci\u00f3n y el primer empleo para estudiantes en todo el mundo.<\/p>\n<p data-start=\"664\" data-end=\"877\">Cuando haces una donaci\u00f3n en honor a alguien, te proporcionamos un certificado imprimible para compartir. Es una forma significativa de mostrar a tu familia y amigos el impacto del regalo que hiciste en su nombre.<\/p>\n<p data-start=\"879\" data-end=\"1006\">GMI es una organizaci\u00f3n ben\u00e9fica sin fines de lucro 501(c)(3). Las donaciones son completamente deducibles de impuestos en Estados Unidos.<br \/>El European Friends of GMI Fund est\u00e1 gestionado en B\u00e9lgica por la Fundaci\u00f3n Rey Balduino. Las donaciones realizadas a trav\u00e9s de este fondo pueden ser elegibles para beneficios fiscales en Europa. Para m\u00e1s informaci\u00f3n sobre contribuciones europeas, contacta a GMI.<\/p>\n<p>[\/et_pb_text][et_pb_button button_url=\u00bbhttps:\/\/donate.transnationalgiving.eu\/landing\/global_mentorship?lang=en_EN\u00bb url_new_window=\u00bbon\u00bb button_text=\u00bbHaz clic aqu\u00ed para donaciones desde Europa\u00bb _builder_version=\u00bb4.27.4&#8243; _module_preset=\u00bbdefault\u00bb custom_margin=\u00bb||||false|false\u00bb custom_padding=\u00bb||||false|false\u00bb global_colors_info=\u00bb{}\u00bb][\/et_pb_button][et_pb_text _builder_version=\u00bb4.27.4&#8243; _module_preset=\u00bbdefault\u00bb text_text_color=\u00bb#FFFFFF\u00bb global_colors_info=\u00bb{}\u00bb]<\/p>\n<ul>\n<li><strong>Todas las donaciones se procesan de forma segura.<\/strong><\/li>\n<\/ul>\n<p><strong>\u00a1Gracias por tu contribuci\u00f3n!<\/strong><\/p>\n<p>[\/et_pb_text][et_pb_text admin_label=\u00bbHeader\u00bb _builder_version=\u00bb4.27.4&#8243; _module_preset=\u00bbdefault\u00bb header_font=\u00bb|700|||||||\u00bb header_text_color=\u00bb#FFFFFF\u00bb header_2_font=\u00bb|700|||||||\u00bb header_2_text_color=\u00bb#FFFFFF\u00bb global_colors_info=\u00bb{}\u00bb]<\/p>\n<h2>M\u00e1s Formas de Donar<\/h2>\n<p>[\/et_pb_text][et_pb_text _builder_version=\u00bb4.27.4&#8243; _module_preset=\u00bbdefault\u00bb text_text_color=\u00bb#FFFFFF\u00bb hover_enabled=\u00bb0&#8243; global_colors_info=\u00bb{}\u00bb sticky_enabled=\u00bb0&#8243;]<\/p>\n<article class=\"text-token-text-primary w-full\" dir=\"auto\" data-testid=\"conversation-turn-56\" data-scroll-anchor=\"true\">\n<div class=\"text-base my-auto mx-auto py-5 [--thread-content-margin:--spacing(4)] @[37rem]:[--thread-content-margin:--spacing(6)] @[72rem]:[--thread-content-margin:--spacing(16)] px-(--thread-content-margin)\">\n<div class=\"[--thread-content-max-width:32rem] @[34rem]:[--thread-content-max-width:40rem] @[64rem]:[--thread-content-max-width:48rem] mx-auto flex max-w-(--thread-content-max-width) flex-1 text-base gap-4 md:gap-5 lg:gap-6 group\/turn-messages focus-visible:outline-hidden\" tabindex=\"-1\">\n<div class=\"group\/conversation-turn relative flex w-full min-w-0 flex-col agent-turn\">\n<div class=\"relative flex-col gap-1 md:gap-3\">\n<div class=\"flex max-w-full flex-col grow\">\n<div data-message-author-role=\"assistant\" data-message-id=\"326577e7-4b22-49d2-8df1-2ddae6ac2a50\" dir=\"auto\" class=\"min-h-8 text-message relative flex w-full flex-col items-end gap-2 text-start break-words whitespace-normal [.text-message+&amp;]:mt-5\" data-message-model-slug=\"gpt-4o\">\n<div class=\"flex w-full flex-col gap-1 empty:hidden first:pt-[3px]\">\n<div class=\"markdown prose dark:prose-invert w-full break-words light\">\n<p data-start=\"0\" data-end=\"302\" data-is-last-node=\"\" data-is-only-node=\"\">De forma individual \u2013 Considera ofrecerte de forma voluntaria para ser mentor\/a con GMI y guiar a un estudiante hacia el \u00e9xito profesional. Si tu empresa ofrece donaciones equivalentes por horas de voluntariado, cada hora que compartas con tu estudiante tambi\u00e9n brindar\u00e1 un apoyo financiero clave para la misi\u00f3n de GMI.<\/p>\n<\/div>\n<\/div>\n<\/div>\n<\/div>\n<div class=\"mt-3 w-full empty:hidden\">\n<div class=\"text-center\"><\/div>\n<\/div>\n<\/div>\n<div class=\"absolute\">\n<div class=\"flex items-center justify-center\"><\/div>\n<\/div>\n<\/div>\n<\/div>\n<\/div>\n<\/article>\n<div aria-hidden=\"true\" data-edge=\"true\" class=\"pointer-events-none h-px w-px\"><\/div>\n<p>[\/et_pb_text][et_pb_button button_url=\u00bbhttps:\/\/globalmentorship.org\/mentorship-program\/\u00bb button_text=\u00bbConoce m\u00e1s sobre nuestro programa de mentor\u00eda\u00bb _builder_version=\u00bb4.27.4&#8243; _module_preset=\u00bbdefault\u00bb custom_margin=\u00bb||||false|false\u00bb custom_padding=\u00bb||||false|false\u00bb global_colors_info=\u00bb{}\u00bb][\/et_pb_button][et_pb_text _builder_version=\u00bb4.27.4&#8243; _module_preset=\u00bbdefault\u00bb text_text_color=\u00bb#FFFFFF\u00bb hover_enabled=\u00bb0&#8243; global_colors_info=\u00bb{}\u00bb sticky_enabled=\u00bb0&#8243;]<\/p>\n<p>Empresas y ERGs \u2013 Considera convertirte en socio de GMI y empodera a tus colegas a trav\u00e9s de la mentor\u00eda. Ser una empresa o ERG aliada de GMI puede brindarles a tus colegas experiencias de voluntariado enriquecedoras, a trav\u00e9s de las cuales pueden desarrollar valiosas habilidades de liderazgo.<\/p>\n<p>[\/et_pb_text][et_pb_button button_url=\u00bbhttps:\/\/globalmentorship.org\/partners\/\u00bb button_text=\u00bbDescubre los beneficios de colaborar con GMI\u00bb _builder_version=\u00bb4.27.4&#8243; _module_preset=\u00bbdefault\u00bb custom_margin=\u00bb||||false|false\u00bb custom_padding=\u00bb||||false|false\u00bb global_colors_info=\u00bb{}\u00bb][\/et_pb_button][\/et_pb_column][et_pb_column type=\u00bb1_2&#8243; _builder_version=\u00bb4.27.4&#8243; _module_preset=\u00bbdefault\u00bb global_colors_info=\u00bb{}\u00bb][et_pb_code _builder_version=\u00bb4.27.4&#8243; _module_preset=\u00bbdefault\u00bb text_orientation=\u00bbcenter\u00bb sticky_limit_bottom=\u00bbcolumn\u00bb hover_enabled=\u00bb0&#8243; custom_css_free_form=\u00bb.donorbox {||  border-radius: 10px;||}\u00bb global_colors_info=\u00bb{}\u00bb sticky_enabled=\u00bb0&#8243;]<script src=\"https:\/\/donorbox.org\/widget.js\" paypalExpress=\"false\"><\/script><iframe loading=\"lazy\" src=\"https:\/\/donorbox.org\/embed\/donate-to-gmi?default_interval=o&#038;hide_donation_meter=true\" name=\"donorbox\" allowpaymentrequest=\"allowpaymentrequest\" seamless=\"seamless\" frameborder=\"0\" scrolling=\"no\" height=\"900px\" width=\"100%\" style=\"max-width: 500px; min-width: 250px; max-height:none!important\"><\/iframe><!-- [et_pb_line_break_holder] -->[\/et_pb_code][et_pb_code _builder_version=\u00bb4.27.4&#8243; _module_preset=\u00bbdefault\u00bb text_orientation=\u00bbcenter\u00bb custom_padding=\u00bb24px||||false|false\u00bb hover_enabled=\u00bb0&#8243; global_colors_info=\u00bb{}\u00bb sticky_enabled=\u00bb0&#8243;]<script src=\"https:\/\/donorbox.org\/widget.js\" type=\"text\/javascript\"><\/script><iframe src=\"https:\/\/donorbox.org\/company_matching\/global-mentorship-initiative\/embed\" style=\"max-width:500px; min-width:310px; min-height: 310px!important\" width=\"100%\" name=\"donorbox\" frameborder=\"0\" scrolling=\"no\"><\/iframe>[\/et_pb_code][\/et_pb_column][\/et_pb_row][\/et_pb_section]<\/p>\n","protected":false},"excerpt":{"rendered":"<p>Regala una OportunidadCada donaci\u00f3n, sin importar la cantidad, desempe\u00f1a un papel clave en ayudar a GMI a cumplir su misi\u00f3n de cerrar la brecha entre la graduaci\u00f3n y el primer empleo para estudiantes en todo el mundo. Cuando haces una donaci\u00f3n en honor a alguien, te proporcionamos un certificado imprimible para compartir. Es una forma [&hellip;]<\/p>\n","protected":false},"author":1,"featured_media":20817,"parent":0,"menu_order":0,"comment_status":"closed","ping_status":"closed","template":"","meta":{"_bbp_topic_count":0,"_bbp_reply_count":0,"_bbp_total_topic_count":0,"_bbp_total_reply_count":0,"_bbp_voice_count":0,"_bbp_anonymous_reply_count":0,"_bbp_topic_count_hidden":0,"_bbp_reply_count_hidden":0,"_bbp_forum_subforum_count":0,"_et_pb_use_builder":"on","_et_pb_old_content":"<p>[vc_section css=\".vc_custom_1600901431703{padding-top: 60px !important;padding-bottom: 60px !important;}\"][vc_row][vc_column width=\"1\/2\"][vc_column_text]<\/p><h3>Why Donate to Global Mentorship Initiative<\/h3><p>GMI mentorship programs help to bridge the educational gap that exists today with students around the world and we need your support to provide mentoring programs for those in high unemployment geographies.<\/p><p>GMI mentors help prepare underserved students for success in their job search by providing them with the tools and guidance needed to be successful.\u00a0 The GMI model helps lift communities out of poverty by providing the opportunity to work and begin a career.[\/vc_column_text][\/vc_column][vc_column width=\"1\/2\"][vc_column_text]<\/p><h3>How Your Donation is Used<\/h3><p>Your contribution to GMI goes directly to helping students in the United States and around the world get the jobs skills needed to launch their career and support their family.<\/p><p>A donation of $250 will support one student for the full mentorship training program and provide an opportunity for job interviews after completing their mentorship.<\/p><p>Global Mentorship Initiative is a 501(c)(3) public charity. Our Federal Tax ID Number is 84-1892894. Contributions to GMI may be eligible for tax deduction in the USA, please consult your tax advisor for eligibility. No goods or services were offered or provided in exchange for this contribution.[\/vc_column_text][\/vc_column][\/vc_row][\/vc_section][vc_section][vc_row uniqid=\"lifeline2-5f6bd1492eba1\" el_class=\"heading-row\"][vc_column][vc_raw_js]JTNDc2NyaXB0JTIwc3JjJTNEJTIyaHR0cHMlM0ElMkYlMkZzMy11cy13ZXN0LTIuYW1hem9uYXdzLmNvbSUyRmJsb29tZXJhbmctcHVibGljLWNkbiUyRmdsb2JhbG1lbnRvcnNoaXBpbml0aWF0aXZlJTJGLndpZGdldC1qcyUyRjE0MzM2LmpzJTIyJTIwdHlwZSUzRCUyMnRleHQlMkZqYXZhc2NyaXB0JTIyJTNFJTNDJTJGc2NyaXB0JTNF[\/vc_raw_js][\/vc_column][\/vc_row][\/vc_section]<\/p>","_et_gb_content_width":"","_exactmetrics_skip_tracking":false,"_exactmetrics_sitenote_active":false,"_exactmetrics_sitenote_note":"","_exactmetrics_sitenote_category":0,"footnotes":"","_links_to":"","_links_to_target":""},"class_list":["post-17999","page","type-page","status-publish","has-post-thumbnail","hentry"],"yoast_head":"<!-- This site is optimized with the Yoast SEO plugin v27.4 - https:\/\/yoast.com\/product\/yoast-seo-wordpress\/ -->\n<title>Donate - Global Mentorship Initiative<\/title>\n<meta name=\"robots\" content=\"index, follow, max-snippet:-1, max-image-preview:large, max-video-preview:-1\" \/>\n<link rel=\"canonical\" href=\"https:\/\/globalmentorship.org\/donate\/\" \/>\n<meta property=\"og:locale\" content=\"es_ES\" \/>\n<meta property=\"og:type\" content=\"article\" \/>\n<meta property=\"og:title\" content=\"Donate - Global Mentorship Initiative\" \/>\n<meta property=\"og:description\" content=\"Regala una OportunidadCada donaci\u00f3n, sin importar la cantidad, desempe\u00f1a un papel clave en ayudar a GMI a cumplir su misi\u00f3n de cerrar la brecha entre la graduaci\u00f3n y el primer empleo para estudiantes en todo el mundo. Cuando haces una donaci\u00f3n en honor a alguien, te proporcionamos un certificado imprimible para compartir. Es una forma [&hellip;]\" \/>\n<meta property=\"og:url\" content=\"https:\/\/globalmentorship.org\/donate\/\" \/>\n<meta property=\"og:site_name\" content=\"Global Mentorship Initiative\" \/>\n<meta property=\"article:publisher\" content=\"https:\/\/www.facebook.com\/globalmentorship\" \/>\n<meta property=\"article:modified_time\" content=\"2025-08-25T16:43:25+00:00\" \/>\n<meta name=\"twitter:card\" content=\"summary_large_image\" \/>\n<meta name=\"twitter:label1\" content=\"Tiempo de lectura\" \/>\n\t<meta name=\"twitter:data1\" content=\"2 minuto\" \/>\n<script type=\"application\/ld+json\" class=\"yoast-schema-graph\">{\"@context\":\"https:\\\/\\\/schema.org\",\"@graph\":[{\"@type\":\"WebPage\",\"@id\":\"https:\\\/\\\/globalmentorship.org\\\/donate\\\/\",\"url\":\"https:\\\/\\\/globalmentorship.org\\\/donate\\\/\",\"name\":\"Donate - Global Mentorship Initiative\",\"isPartOf\":{\"@id\":\"https:\\\/\\\/globalmentorship.org\\\/#website\"},\"primaryImageOfPage\":{\"@id\":\"https:\\\/\\\/globalmentorship.org\\\/donate\\\/#primaryimage\"},\"image\":{\"@id\":\"https:\\\/\\\/globalmentorship.org\\\/donate\\\/#primaryimage\"},\"thumbnailUrl\":\"https:\\\/\\\/globalmentorship.org\\\/wp-content\\\/uploads\\\/2025\\\/12\\\/Group-30.png\",\"datePublished\":\"2019-07-17T00:52:43+00:00\",\"dateModified\":\"2025-08-25T16:43:25+00:00\",\"breadcrumb\":{\"@id\":\"https:\\\/\\\/globalmentorship.org\\\/donate\\\/#breadcrumb\"},\"inLanguage\":\"es\",\"potentialAction\":[{\"@type\":\"ReadAction\",\"target\":[\"https:\\\/\\\/globalmentorship.org\\\/donate\\\/\"]}]},{\"@type\":\"ImageObject\",\"inLanguage\":\"es\",\"@id\":\"https:\\\/\\\/globalmentorship.org\\\/donate\\\/#primaryimage\",\"url\":\"https:\\\/\\\/globalmentorship.org\\\/wp-content\\\/uploads\\\/2025\\\/12\\\/Group-30.png\",\"contentUrl\":\"https:\\\/\\\/globalmentorship.org\\\/wp-content\\\/uploads\\\/2025\\\/12\\\/Group-30.png\",\"width\":500,\"height\":500},{\"@type\":\"BreadcrumbList\",\"@id\":\"https:\\\/\\\/globalmentorship.org\\\/donate\\\/#breadcrumb\",\"itemListElement\":[{\"@type\":\"ListItem\",\"position\":1,\"name\":\"Inicio\",\"item\":\"https:\\\/\\\/globalmentorship.org\\\/\"},{\"@type\":\"ListItem\",\"position\":2,\"name\":\"Donate\"}]},{\"@type\":\"WebSite\",\"@id\":\"https:\\\/\\\/globalmentorship.org\\\/#website\",\"url\":\"https:\\\/\\\/globalmentorship.org\\\/\",\"name\":\"Global Mentorship Initiative\",\"description\":\"\",\"publisher\":{\"@id\":\"https:\\\/\\\/globalmentorship.org\\\/#organization\"},\"potentialAction\":[{\"@type\":\"SearchAction\",\"target\":{\"@type\":\"EntryPoint\",\"urlTemplate\":\"https:\\\/\\\/globalmentorship.org\\\/?s={search_term_string}\"},\"query-input\":{\"@type\":\"PropertyValueSpecification\",\"valueRequired\":true,\"valueName\":\"search_term_string\"}}],\"inLanguage\":\"es\"},{\"@type\":\"Organization\",\"@id\":\"https:\\\/\\\/globalmentorship.org\\\/#organization\",\"name\":\"Global Mentorship Initiative\",\"alternateName\":\"GMI\",\"url\":\"https:\\\/\\\/globalmentorship.org\\\/\",\"logo\":{\"@type\":\"ImageObject\",\"inLanguage\":\"es\",\"@id\":\"https:\\\/\\\/globalmentorship.org\\\/#\\\/schema\\\/logo\\\/image\\\/\",\"url\":\"https:\\\/\\\/globalmentorship.org\\\/wp-content\\\/uploads\\\/2023\\\/02\\\/GMI-Logo-large-square.png\",\"contentUrl\":\"https:\\\/\\\/globalmentorship.org\\\/wp-content\\\/uploads\\\/2023\\\/02\\\/GMI-Logo-large-square.png\",\"width\":696,\"height\":696,\"caption\":\"Global Mentorship Initiative\"},\"image\":{\"@id\":\"https:\\\/\\\/globalmentorship.org\\\/#\\\/schema\\\/logo\\\/image\\\/\"},\"sameAs\":[\"https:\\\/\\\/www.facebook.com\\\/globalmentorship\",\"https:\\\/\\\/www.linkedin.com\\\/company\\\/globalmentorship\",\"https:\\\/\\\/instagram.com\\\/Global_Mentorship\"]}]}<\/script>\n<!-- \/ Yoast SEO plugin. -->","yoast_head_json":{"title":"Donate - Global Mentorship Initiative","robots":{"index":"index","follow":"follow","max-snippet":"max-snippet:-1","max-image-preview":"max-image-preview:large","max-video-preview":"max-video-preview:-1"},"canonical":"https:\/\/globalmentorship.org\/donate\/","og_locale":"es_ES","og_type":"article","og_title":"Donate - Global Mentorship Initiative","og_description":"Regala una OportunidadCada donaci\u00f3n, sin importar la cantidad, desempe\u00f1a un papel clave en ayudar a GMI a cumplir su misi\u00f3n de cerrar la brecha entre la graduaci\u00f3n y el primer empleo para estudiantes en todo el mundo. Cuando haces una donaci\u00f3n en honor a alguien, te proporcionamos un certificado imprimible para compartir. Es una forma [&hellip;]","og_url":"https:\/\/globalmentorship.org\/donate\/","og_site_name":"Global Mentorship Initiative","article_publisher":"https:\/\/www.facebook.com\/globalmentorship","article_modified_time":"2025-08-25T16:43:25+00:00","twitter_card":"summary_large_image","twitter_misc":{"Tiempo de lectura":"2 minuto"},"schema":{"@context":"https:\/\/schema.org","@graph":[{"@type":"WebPage","@id":"https:\/\/globalmentorship.org\/donate\/","url":"https:\/\/globalmentorship.org\/donate\/","name":"Donate - Global Mentorship Initiative","isPartOf":{"@id":"https:\/\/globalmentorship.org\/#website"},"primaryImageOfPage":{"@id":"https:\/\/globalmentorship.org\/donate\/#primaryimage"},"image":{"@id":"https:\/\/globalmentorship.org\/donate\/#primaryimage"},"thumbnailUrl":"https:\/\/globalmentorship.org\/wp-content\/uploads\/2025\/12\/Group-30.png","datePublished":"2019-07-17T00:52:43+00:00","dateModified":"2025-08-25T16:43:25+00:00","breadcrumb":{"@id":"https:\/\/globalmentorship.org\/donate\/#breadcrumb"},"inLanguage":"es","potentialAction":[{"@type":"ReadAction","target":["https:\/\/globalmentorship.org\/donate\/"]}]},{"@type":"ImageObject","inLanguage":"es","@id":"https:\/\/globalmentorship.org\/donate\/#primaryimage","url":"https:\/\/globalmentorship.org\/wp-content\/uploads\/2025\/12\/Group-30.png","contentUrl":"https:\/\/globalmentorship.org\/wp-content\/uploads\/2025\/12\/Group-30.png","width":500,"height":500},{"@type":"BreadcrumbList","@id":"https:\/\/globalmentorship.org\/donate\/#breadcrumb","itemListElement":[{"@type":"ListItem","position":1,"name":"Inicio","item":"https:\/\/globalmentorship.org\/"},{"@type":"ListItem","position":2,"name":"Donate"}]},{"@type":"WebSite","@id":"https:\/\/globalmentorship.org\/#website","url":"https:\/\/globalmentorship.org\/","name":"Global Mentorship Initiative","description":"","publisher":{"@id":"https:\/\/globalmentorship.org\/#organization"},"potentialAction":[{"@type":"SearchAction","target":{"@type":"EntryPoint","urlTemplate":"https:\/\/globalmentorship.org\/?s={search_term_string}"},"query-input":{"@type":"PropertyValueSpecification","valueRequired":true,"valueName":"search_term_string"}}],"inLanguage":"es"},{"@type":"Organization","@id":"https:\/\/globalmentorship.org\/#organization","name":"Global Mentorship Initiative","alternateName":"GMI","url":"https:\/\/globalmentorship.org\/","logo":{"@type":"ImageObject","inLanguage":"es","@id":"https:\/\/globalmentorship.org\/#\/schema\/logo\/image\/","url":"https:\/\/globalmentorship.org\/wp-content\/uploads\/2023\/02\/GMI-Logo-large-square.png","contentUrl":"https:\/\/globalmentorship.org\/wp-content\/uploads\/2023\/02\/GMI-Logo-large-square.png","width":696,"height":696,"caption":"Global Mentorship Initiative"},"image":{"@id":"https:\/\/globalmentorship.org\/#\/schema\/logo\/image\/"},"sameAs":["https:\/\/www.facebook.com\/globalmentorship","https:\/\/www.linkedin.com\/company\/globalmentorship","https:\/\/instagram.com\/Global_Mentorship"]}]}},"_links":{"self":[{"href":"https:\/\/globalmentorship.org\/es\/wp-json\/wp\/v2\/pages\/17999","targetHints":{"allow":["GET"]}}],"collection":[{"href":"https:\/\/globalmentorship.org\/es\/wp-json\/wp\/v2\/pages"}],"about":[{"href":"https:\/\/globalmentorship.org\/es\/wp-json\/wp\/v2\/types\/page"}],"author":[{"embeddable":true,"href":"https:\/\/globalmentorship.org\/es\/wp-json\/wp\/v2\/users\/1"}],"replies":[{"embeddable":true,"href":"https:\/\/globalmentorship.org\/es\/wp-json\/wp\/v2\/comments?post=17999"}],"version-history":[{"count":3,"href":"https:\/\/globalmentorship.org\/es\/wp-json\/wp\/v2\/pages\/17999\/revisions"}],"predecessor-version":[{"id":20008,"href":"https:\/\/globalmentorship.org\/es\/wp-json\/wp\/v2\/pages\/17999\/revisions\/20008"}],"wp:featuredmedia":[{"embeddable":true,"href":"https:\/\/globalmentorship.org\/es\/wp-json\/wp\/v2\/media\/20817"}],"wp:attachment":[{"href":"https:\/\/globalmentorship.org\/es\/wp-json\/wp\/v2\/media?parent=17999"}],"curies":[{"name":"wp","href":"https:\/\/api.w.org\/{rel}","templated":true}]}}