{"id":17998,"date":"2025-06-19T16:17:45","date_gmt":"2025-06-19T23:17:45","guid":{"rendered":"https:\/\/globalmentorship.org\/mentorship-pathway\/"},"modified":"2026-04-10T16:23:37","modified_gmt":"2026-04-10T23:23:37","slug":"mentorship-pathway","status":"publish","type":"page","link":"https:\/\/globalmentorship.org\/es\/mentorship-pathway\/","title":{"rendered":"Mentorship Pathway"},"content":{"rendered":"<p>[et_pb_section fb_built=\u00bb1&#8243; _builder_version=\u00bb4.27.4&#8243; _module_preset=\u00bbdefault\u00bb global_colors_info=\u00bb{}\u00bb][et_pb_row _builder_version=\u00bb4.27.4&#8243; _module_preset=\u00bbdefault\u00bb global_colors_info=\u00bb{}\u00bb][et_pb_column type=\u00bb4_4&#8243; _builder_version=\u00bb4.27.4&#8243; _module_preset=\u00bbdefault\u00bb global_colors_info=\u00bb{}\u00bb][et_pb_text _builder_version=\u00bb4.27.4&#8243; _module_preset=\u00bbdefault\u00bb header_font=\u00bb|700|||||||\u00bb global_colors_info=\u00bb{}\u00bb]<\/p>\n<h1>Camino de Mentor\u00eda<\/h1>\n<p>[\/et_pb_text][et_pb_text _builder_version=\u00bb4.27.4&#8243; _module_preset=\u00bbdefault\u00bb global_colors_info=\u00bb{}\u00bb]<\/p>\n<p data-start=\"0\" data-end=\"473\">El programa de mentor\u00eda para preparaci\u00f3n profesional de GMI sigue un plan estructurado y f\u00e1cil de seguir, que puede adaptarse a cada combinaci\u00f3n \u00fanica de estudiante y mentor\/a. Todas las mentor\u00edas cubren el mismo contenido para asegurar un impacto medible en los estudiantes y una gu\u00eda s\u00f3lida para los mentores. Este programa permite que las parejas de mentor\u00eda desarrollen afinidad de manera org\u00e1nica, fomentando una verdadera conexi\u00f3n humana que trasciende las diferencias.<\/p>\n<p data-start=\"475\" data-end=\"655\">El programa de mentor\u00eda de GMI consta de 10 sesiones virtuales de una hora a trav\u00e9s de una plataforma de videoconferencias. Los estudiantes y mentores establecen su propio horario.<\/p>\n<p data-start=\"657\" data-end=\"944\" data-is-last-node=\"\" data-is-only-node=\"\">Emparejamos a estudiantes que se est\u00e1n preparando para graduarse e ingresar al mundo laboral con mentores de m\u00e1s de 100 empresas, incluyendo Microsoft, LinkedIn y Orange. La mentor\u00eda se enfoca en desarrollar la confianza y habilidades blandas que son transferibles a cualquier industria.<\/p>\n<p>[\/et_pb_text][et_pb_button button_url=\u00bbhttps:\/\/globalmentorship.org\/mentorship-program\/\u00bb button_text=\u00bbM\u00e1s info e inscr\u00edbete para ser mentor\/a\u00bb _builder_version=\u00bb4.27.4&#8243; _module_preset=\u00bbdefault\u00bb custom_padding=\u00bb||11px|||\u00bb global_colors_info=\u00bb{}\u00bb][\/et_pb_button][\/et_pb_column][\/et_pb_row][et_pb_row _builder_version=\u00bb4.27.5&#8243; _module_preset=\u00bbdefault\u00bb theme_builder_area=\u00bbpost_content\u00bb][et_pb_column _builder_version=\u00bb4.27.5&#8243; _module_preset=\u00bbdefault\u00bb type=\u00bb4_4&#8243; theme_builder_area=\u00bbpost_content\u00bb][et_pb_image src=\u00bbhttps:\/\/globalmentorship.org\/wp-content\/uploads\/2026\/04\/Mentorship-path-10-session-ES-FINAL.png\u00bb _builder_version=\u00bb4.27.5&#8243; _module_preset=\u00bbdefault\u00bb theme_builder_area=\u00bbpost_content\u00bb title_text=\u00bbMentorship path 10-session ES-FINAL\u00bb hover_enabled=\u00bb0&#8243; sticky_enabled=\u00bb0&#8243;][\/et_pb_image][\/et_pb_column][\/et_pb_row][et_pb_row column_structure=\u00bb1_6,1_6,1_6,1_6,1_6,1_6&#8243; use_custom_gutter=\u00bbon\u00bb gutter_width=\u00bb2&#8243; disabled_on=\u00bbon|on|on\u00bb _builder_version=\u00bb4.27.4&#8243; _module_preset=\u00bbdefault\u00bb disabled=\u00bbon\u00bb global_colors_info=\u00bb{}\u00bb][et_pb_column type=\u00bb1_6&#8243; _builder_version=\u00bb4.27.4&#8243; _module_preset=\u00bbdefault\u00bb global_colors_info=\u00bb{}\u00bb][et_pb_image src=\u00bbhttps:\/\/globalmentorship.org\/wp-content\/uploads\/2025\/07\/Instructions-2.png\u00bb alt=\u00bbMentor Instructions\u00bb title_text=\u00bbInstructions\u00bb align=\u00bbcenter\u00bb _builder_version=\u00bb4.27.4&#8243; _module_preset=\u00bbdefault\u00bb global_colors_info=\u00bb{}\u00bb][\/et_pb_image][\/et_pb_column][et_pb_column type=\u00bb1_6&#8243; _builder_version=\u00bb4.27.4&#8243; _module_preset=\u00bbdefault\u00bb global_colors_info=\u00bb{}\u00bb][et_pb_image src=\u00bbhttps:\/\/globalmentorship.org\/wp-content\/uploads\/2025\/07\/Session-1_Saph_ES.png\u00bb alt=\u00bbSession 1&#8243; title_text=\u00bbSession 1_Saph_ES\u00bb align=\u00bbcenter\u00bb _builder_version=\u00bb4.27.4&#8243; _module_preset=\u00bbdefault\u00bb global_colors_info=\u00bb{}\u00bb][\/et_pb_image][\/et_pb_column][et_pb_column type=\u00bb1_6&#8243; _builder_version=\u00bb4.27.4&#8243; _module_preset=\u00bbdefault\u00bb global_colors_info=\u00bb{}\u00bb][et_pb_image src=\u00bbhttps:\/\/globalmentorship.org\/wp-content\/uploads\/2025\/07\/Session-2_Saph_ES.png\u00bb alt=\u00bbSession 2&#8243; title_text=\u00bbSession 2_Saph_ES\u00bb align=\u00bbcenter\u00bb _builder_version=\u00bb4.27.4&#8243; _module_preset=\u00bbdefault\u00bb global_colors_info=\u00bb{}\u00bb][\/et_pb_image][\/et_pb_column][et_pb_column type=\u00bb1_6&#8243; _builder_version=\u00bb4.27.4&#8243; _module_preset=\u00bbdefault\u00bb global_colors_info=\u00bb{}\u00bb][et_pb_image src=\u00bbhttps:\/\/globalmentorship.org\/wp-content\/uploads\/2025\/07\/Session-3_Saph_ES.png\u00bb alt=\u00bbSession 3&#8243; title_text=\u00bbSession 3_Saph_ES\u00bb align=\u00bbcenter\u00bb _builder_version=\u00bb4.27.4&#8243; _module_preset=\u00bbdefault\u00bb global_colors_info=\u00bb{}\u00bb][\/et_pb_image][\/et_pb_column][et_pb_column type=\u00bb1_6&#8243; _builder_version=\u00bb4.27.4&#8243; _module_preset=\u00bbdefault\u00bb global_colors_info=\u00bb{}\u00bb][et_pb_image src=\u00bbhttps:\/\/globalmentorship.org\/wp-content\/uploads\/2025\/07\/Session-4_Saph_ES.png\u00bb alt=\u00bbSession 4&#8243; title_text=\u00bbSession 4_Saph_ES\u00bb align=\u00bbcenter\u00bb _builder_version=\u00bb4.27.4&#8243; _module_preset=\u00bbdefault\u00bb global_colors_info=\u00bb{}\u00bb][\/et_pb_image][\/et_pb_column][et_pb_column type=\u00bb1_6&#8243; _builder_version=\u00bb4.27.4&#8243; _module_preset=\u00bbdefault\u00bb global_colors_info=\u00bb{}\u00bb][et_pb_image src=\u00bbhttps:\/\/globalmentorship.org\/wp-content\/uploads\/2025\/07\/Session-5_Saph_ES.png\u00bb alt=\u00bbSession 5&#8243; title_text=\u00bbSession 5_Saph_ES\u00bb align=\u00bbcenter\u00bb _builder_version=\u00bb4.27.4&#8243; _module_preset=\u00bbdefault\u00bb global_colors_info=\u00bb{}\u00bb][\/et_pb_image][\/et_pb_column][\/et_pb_row][et_pb_row column_structure=\u00bb1_6,1_6,1_6,1_6,1_6,1_6&#8243; use_custom_gutter=\u00bbon\u00bb gutter_width=\u00bb2&#8243; disabled_on=\u00bbon|on|on\u00bb _builder_version=\u00bb4.27.4&#8243; _module_preset=\u00bbdefault\u00bb disabled=\u00bbon\u00bb global_colors_info=\u00bb{}\u00bb][et_pb_column type=\u00bb1_6&#8243; _builder_version=\u00bb4.27.4&#8243; _module_preset=\u00bbdefault\u00bb global_colors_info=\u00bb{}\u00bb][et_pb_image src=\u00bbhttps:\/\/globalmentorship.org\/wp-content\/uploads\/2025\/07\/Session-6_Saph_ES.png\u00bb alt=\u00bbSession 6&#8243; title_text=\u00bbSession 6_Saph_ES\u00bb align=\u00bbcenter\u00bb _builder_version=\u00bb4.27.4&#8243; _module_preset=\u00bbdefault\u00bb global_colors_info=\u00bb{}\u00bb][\/et_pb_image][\/et_pb_column][et_pb_column type=\u00bb1_6&#8243; _builder_version=\u00bb4.27.4&#8243; _module_preset=\u00bbdefault\u00bb global_colors_info=\u00bb{}\u00bb][et_pb_image src=\u00bbhttps:\/\/globalmentorship.org\/wp-content\/uploads\/2025\/07\/Session-7_Saph_ES.png\u00bb alt=\u00bbSession 7&#8243; title_text=\u00bbSession 7_Saph_ES\u00bb align=\u00bbcenter\u00bb _builder_version=\u00bb4.27.4&#8243; _module_preset=\u00bbdefault\u00bb global_colors_info=\u00bb{}\u00bb][\/et_pb_image][\/et_pb_column][et_pb_column type=\u00bb1_6&#8243; _builder_version=\u00bb4.27.4&#8243; _module_preset=\u00bbdefault\u00bb global_colors_info=\u00bb{}\u00bb][et_pb_image src=\u00bbhttps:\/\/globalmentorship.org\/wp-content\/uploads\/2025\/07\/Session-89_Saph_ES.png\u00bb alt=\u00bbSession 8-9&#8243; title_text=\u00bbSession 8&#038;9_Saph_ES\u00bb align=\u00bbcenter\u00bb _builder_version=\u00bb4.27.4&#8243; _module_preset=\u00bbdefault\u00bb global_colors_info=\u00bb{}\u00bb][\/et_pb_image][\/et_pb_column][et_pb_column type=\u00bb1_6&#8243; _builder_version=\u00bb4.27.4&#8243; _module_preset=\u00bbdefault\u00bb global_colors_info=\u00bb{}\u00bb][et_pb_image src=\u00bbhttps:\/\/globalmentorship.org\/wp-content\/uploads\/2025\/07\/Session-10_Saph_ES.png\u00bb alt=\u00bbSession 10&#8243; title_text=\u00bbSession 10_Saph_ES\u00bb align=\u00bbcenter\u00bb _builder_version=\u00bb4.27.4&#8243; _module_preset=\u00bbdefault\u00bb global_colors_info=\u00bb{}\u00bb][\/et_pb_image][\/et_pb_column][et_pb_column type=\u00bb1_6&#8243; _builder_version=\u00bb4.27.4&#8243; _module_preset=\u00bbdefault\u00bb global_colors_info=\u00bb{}\u00bb][et_pb_image src=\u00bbhttps:\/\/globalmentorship.org\/wp-content\/uploads\/2025\/07\/Session-11_Saph_ES.png\u00bb alt=\u00bbSession 11&#8243; title_text=\u00bbSession 11_Saph_ES\u00bb align=\u00bbcenter\u00bb _builder_version=\u00bb4.27.4&#8243; _module_preset=\u00bbdefault\u00bb global_colors_info=\u00bb{}\u00bb][\/et_pb_image][\/et_pb_column][et_pb_column type=\u00bb1_6&#8243; _builder_version=\u00bb4.27.4&#8243; _module_preset=\u00bbdefault\u00bb global_colors_info=\u00bb{}\u00bb][et_pb_image src=\u00bbhttps:\/\/globalmentorship.org\/wp-content\/uploads\/2025\/07\/Session-12_Saph_ES.png\u00bb alt=\u00bbSession 12&#8243; title_text=\u00bbSession 12_Saph_ES\u00bb align=\u00bbcenter\u00bb _builder_version=\u00bb4.27.4&#8243; _module_preset=\u00bbdefault\u00bb global_colors_info=\u00bb{}\u00bb][\/et_pb_image][\/et_pb_column][\/et_pb_row][\/et_pb_section][et_pb_section fb_built=\u00bb1&#8243; theme_builder_area=\u00bbpost_content\u00bb _builder_version=\u00bb4.27.5&#8243; _module_preset=\u00bbdefault\u00bb][\/et_pb_section]<\/p>\n","protected":false},"excerpt":{"rendered":"<p>Camino de Mentor\u00edaEl programa de mentor\u00eda para preparaci\u00f3n profesional de GMI sigue un plan estructurado y f\u00e1cil de seguir, que puede adaptarse a cada combinaci\u00f3n \u00fanica de estudiante y mentor\/a. Todas las mentor\u00edas cubren el mismo contenido para asegurar un impacto medible en los estudiantes y una gu\u00eda s\u00f3lida para los mentores. Este programa permite [&hellip;]<\/p>\n","protected":false},"author":1,"featured_media":0,"parent":0,"menu_order":0,"comment_status":"closed","ping_status":"closed","template":"","meta":{"_bbp_topic_count":0,"_bbp_reply_count":0,"_bbp_total_topic_count":0,"_bbp_total_reply_count":0,"_bbp_voice_count":0,"_bbp_anonymous_reply_count":0,"_bbp_topic_count_hidden":0,"_bbp_reply_count_hidden":0,"_bbp_forum_subforum_count":0,"_et_pb_use_builder":"on","_et_pb_old_content":"","_et_gb_content_width":"","_exactmetrics_skip_tracking":false,"_exactmetrics_sitenote_active":false,"_exactmetrics_sitenote_note":"","_exactmetrics_sitenote_category":0,"footnotes":"","_links_to":"","_links_to_target":""},"class_list":["post-17998","page","type-page","status-publish","hentry"],"yoast_head":"<!-- This site is optimized with the Yoast SEO plugin v27.4 - https:\/\/yoast.com\/product\/yoast-seo-wordpress\/ -->\n<title>Mentorship Pathway - Global Mentorship Initiative<\/title>\n<meta name=\"robots\" content=\"index, follow, max-snippet:-1, max-image-preview:large, max-video-preview:-1\" \/>\n<link rel=\"canonical\" href=\"https:\/\/globalmentorship.org\/mentorship-pathway\/\" \/>\n<meta property=\"og:locale\" content=\"es_ES\" \/>\n<meta property=\"og:type\" content=\"article\" \/>\n<meta property=\"og:title\" content=\"Mentorship Pathway - Global Mentorship Initiative\" \/>\n<meta property=\"og:description\" content=\"Camino de Mentor\u00edaEl programa de mentor\u00eda para preparaci\u00f3n profesional de GMI sigue un plan estructurado y f\u00e1cil de seguir, que puede adaptarse a cada combinaci\u00f3n \u00fanica de estudiante y mentor\/a. Todas las mentor\u00edas cubren el mismo contenido para asegurar un impacto medible en los estudiantes y una gu\u00eda s\u00f3lida para los mentores. Este programa permite [&hellip;]\" \/>\n<meta property=\"og:url\" content=\"https:\/\/globalmentorship.org\/mentorship-pathway\/\" \/>\n<meta property=\"og:site_name\" content=\"Global Mentorship Initiative\" \/>\n<meta property=\"article:publisher\" content=\"https:\/\/www.facebook.com\/globalmentorship\" \/>\n<meta property=\"article:modified_time\" content=\"2026-04-10T23:23:37+00:00\" \/>\n<meta name=\"twitter:card\" content=\"summary_large_image\" \/>\n<script type=\"application\/ld+json\" class=\"yoast-schema-graph\">{\"@context\":\"https:\\\/\\\/schema.org\",\"@graph\":[{\"@type\":\"WebPage\",\"@id\":\"https:\\\/\\\/globalmentorship.org\\\/mentorship-pathway\\\/\",\"url\":\"https:\\\/\\\/globalmentorship.org\\\/mentorship-pathway\\\/\",\"name\":\"Mentorship Pathway - Global Mentorship Initiative\",\"isPartOf\":{\"@id\":\"https:\\\/\\\/globalmentorship.org\\\/#website\"},\"datePublished\":\"2025-06-19T23:17:45+00:00\",\"dateModified\":\"2026-04-10T23:23:37+00:00\",\"breadcrumb\":{\"@id\":\"https:\\\/\\\/globalmentorship.org\\\/mentorship-pathway\\\/#breadcrumb\"},\"inLanguage\":\"es\",\"potentialAction\":[{\"@type\":\"ReadAction\",\"target\":[\"https:\\\/\\\/globalmentorship.org\\\/mentorship-pathway\\\/\"]}]},{\"@type\":\"BreadcrumbList\",\"@id\":\"https:\\\/\\\/globalmentorship.org\\\/mentorship-pathway\\\/#breadcrumb\",\"itemListElement\":[{\"@type\":\"ListItem\",\"position\":1,\"name\":\"Inicio\",\"item\":\"https:\\\/\\\/globalmentorship.org\\\/\"},{\"@type\":\"ListItem\",\"position\":2,\"name\":\"Mentorship Pathway\"}]},{\"@type\":\"WebSite\",\"@id\":\"https:\\\/\\\/globalmentorship.org\\\/#website\",\"url\":\"https:\\\/\\\/globalmentorship.org\\\/\",\"name\":\"Global Mentorship Initiative\",\"description\":\"\",\"publisher\":{\"@id\":\"https:\\\/\\\/globalmentorship.org\\\/#organization\"},\"potentialAction\":[{\"@type\":\"SearchAction\",\"target\":{\"@type\":\"EntryPoint\",\"urlTemplate\":\"https:\\\/\\\/globalmentorship.org\\\/?s={search_term_string}\"},\"query-input\":{\"@type\":\"PropertyValueSpecification\",\"valueRequired\":true,\"valueName\":\"search_term_string\"}}],\"inLanguage\":\"es\"},{\"@type\":\"Organization\",\"@id\":\"https:\\\/\\\/globalmentorship.org\\\/#organization\",\"name\":\"Global Mentorship Initiative\",\"alternateName\":\"GMI\",\"url\":\"https:\\\/\\\/globalmentorship.org\\\/\",\"logo\":{\"@type\":\"ImageObject\",\"inLanguage\":\"es\",\"@id\":\"https:\\\/\\\/globalmentorship.org\\\/#\\\/schema\\\/logo\\\/image\\\/\",\"url\":\"https:\\\/\\\/globalmentorship.org\\\/wp-content\\\/uploads\\\/2023\\\/02\\\/GMI-Logo-large-square.png\",\"contentUrl\":\"https:\\\/\\\/globalmentorship.org\\\/wp-content\\\/uploads\\\/2023\\\/02\\\/GMI-Logo-large-square.png\",\"width\":696,\"height\":696,\"caption\":\"Global Mentorship Initiative\"},\"image\":{\"@id\":\"https:\\\/\\\/globalmentorship.org\\\/#\\\/schema\\\/logo\\\/image\\\/\"},\"sameAs\":[\"https:\\\/\\\/www.facebook.com\\\/globalmentorship\",\"https:\\\/\\\/www.linkedin.com\\\/company\\\/globalmentorship\",\"https:\\\/\\\/instagram.com\\\/Global_Mentorship\"]}]}<\/script>\n<!-- \/ Yoast SEO plugin. -->","yoast_head_json":{"title":"Mentorship Pathway - Global Mentorship Initiative","robots":{"index":"index","follow":"follow","max-snippet":"max-snippet:-1","max-image-preview":"max-image-preview:large","max-video-preview":"max-video-preview:-1"},"canonical":"https:\/\/globalmentorship.org\/mentorship-pathway\/","og_locale":"es_ES","og_type":"article","og_title":"Mentorship Pathway - Global Mentorship Initiative","og_description":"Camino de Mentor\u00edaEl programa de mentor\u00eda para preparaci\u00f3n profesional de GMI sigue un plan estructurado y f\u00e1cil de seguir, que puede adaptarse a cada combinaci\u00f3n \u00fanica de estudiante y mentor\/a. Todas las mentor\u00edas cubren el mismo contenido para asegurar un impacto medible en los estudiantes y una gu\u00eda s\u00f3lida para los mentores. Este programa permite [&hellip;]","og_url":"https:\/\/globalmentorship.org\/mentorship-pathway\/","og_site_name":"Global Mentorship Initiative","article_publisher":"https:\/\/www.facebook.com\/globalmentorship","article_modified_time":"2026-04-10T23:23:37+00:00","twitter_card":"summary_large_image","schema":{"@context":"https:\/\/schema.org","@graph":[{"@type":"WebPage","@id":"https:\/\/globalmentorship.org\/mentorship-pathway\/","url":"https:\/\/globalmentorship.org\/mentorship-pathway\/","name":"Mentorship Pathway - Global Mentorship Initiative","isPartOf":{"@id":"https:\/\/globalmentorship.org\/#website"},"datePublished":"2025-06-19T23:17:45+00:00","dateModified":"2026-04-10T23:23:37+00:00","breadcrumb":{"@id":"https:\/\/globalmentorship.org\/mentorship-pathway\/#breadcrumb"},"inLanguage":"es","potentialAction":[{"@type":"ReadAction","target":["https:\/\/globalmentorship.org\/mentorship-pathway\/"]}]},{"@type":"BreadcrumbList","@id":"https:\/\/globalmentorship.org\/mentorship-pathway\/#breadcrumb","itemListElement":[{"@type":"ListItem","position":1,"name":"Inicio","item":"https:\/\/globalmentorship.org\/"},{"@type":"ListItem","position":2,"name":"Mentorship Pathway"}]},{"@type":"WebSite","@id":"https:\/\/globalmentorship.org\/#website","url":"https:\/\/globalmentorship.org\/","name":"Global Mentorship Initiative","description":"","publisher":{"@id":"https:\/\/globalmentorship.org\/#organization"},"potentialAction":[{"@type":"SearchAction","target":{"@type":"EntryPoint","urlTemplate":"https:\/\/globalmentorship.org\/?s={search_term_string}"},"query-input":{"@type":"PropertyValueSpecification","valueRequired":true,"valueName":"search_term_string"}}],"inLanguage":"es"},{"@type":"Organization","@id":"https:\/\/globalmentorship.org\/#organization","name":"Global Mentorship Initiative","alternateName":"GMI","url":"https:\/\/globalmentorship.org\/","logo":{"@type":"ImageObject","inLanguage":"es","@id":"https:\/\/globalmentorship.org\/#\/schema\/logo\/image\/","url":"https:\/\/globalmentorship.org\/wp-content\/uploads\/2023\/02\/GMI-Logo-large-square.png","contentUrl":"https:\/\/globalmentorship.org\/wp-content\/uploads\/2023\/02\/GMI-Logo-large-square.png","width":696,"height":696,"caption":"Global Mentorship Initiative"},"image":{"@id":"https:\/\/globalmentorship.org\/#\/schema\/logo\/image\/"},"sameAs":["https:\/\/www.facebook.com\/globalmentorship","https:\/\/www.linkedin.com\/company\/globalmentorship","https:\/\/instagram.com\/Global_Mentorship"]}]}},"_links":{"self":[{"href":"https:\/\/globalmentorship.org\/es\/wp-json\/wp\/v2\/pages\/17998","targetHints":{"allow":["GET"]}}],"collection":[{"href":"https:\/\/globalmentorship.org\/es\/wp-json\/wp\/v2\/pages"}],"about":[{"href":"https:\/\/globalmentorship.org\/es\/wp-json\/wp\/v2\/types\/page"}],"author":[{"embeddable":true,"href":"https:\/\/globalmentorship.org\/es\/wp-json\/wp\/v2\/users\/1"}],"replies":[{"embeddable":true,"href":"https:\/\/globalmentorship.org\/es\/wp-json\/wp\/v2\/comments?post=17998"}],"version-history":[{"count":9,"href":"https:\/\/globalmentorship.org\/es\/wp-json\/wp\/v2\/pages\/17998\/revisions"}],"predecessor-version":[{"id":21711,"href":"https:\/\/globalmentorship.org\/es\/wp-json\/wp\/v2\/pages\/17998\/revisions\/21711"}],"wp:attachment":[{"href":"https:\/\/globalmentorship.org\/es\/wp-json\/wp\/v2\/media?parent=17998"}],"curies":[{"name":"wp","href":"https:\/\/api.w.org\/{rel}","templated":true}]}}