{"id":17226,"date":"2024-01-15T13:24:55","date_gmt":"2024-01-15T20:24:55","guid":{"rendered":"https:\/\/globalmentorship.org\/mentor-mentorship-resources\/"},"modified":"2025-10-14T12:27:38","modified_gmt":"2025-10-14T19:27:38","slug":"mentor-mentorship-resources","status":"publish","type":"page","link":"https:\/\/globalmentorship.org\/es\/mentor-mentorship-resources\/","title":{"rendered":"Mentor Mentorship Resources"},"content":{"rendered":"<div class=\"mp_wrapper\">\n  <div class=\"mepr-unauthorized-message\">\n    <p>Este contenido es solo para estudiantes y mentores que participan en mentor\u00edas activas a trav\u00e9s de Global Mentorship Initiative.<\/p>\n  <\/div>\n  <div class=\"mepr-login-form-wrap\">\n            \n<div class=\"mp_wrapper mp_login_form\">\n                  <!-- mp-login-form-start -->     <form name=\"mepr_loginform\" id=\"mepr_loginform\" class=\"mepr-form\" action=\"https:\/\/globalmentorship.org\/login\/\" method=\"post\">\n            <div class=\"mp-form-row mepr_username\">\n        <div class=\"mp-form-label\">\n                              <label for=\"user_login\">Nombre de usuario o correo electr\u00f3nico<\/label>\n        <\/div>\n        <input type=\"text\" name=\"log\" id=\"user_login\" value=\"\" \/>\n      <\/div>\n      <div class=\"mp-form-row mepr_password\">\n        <div class=\"mp-form-label\">\n          <label for=\"user_pass\">Contrase\u00f1a<\/label>\n          <div class=\"mp-hide-pw\">\n            <input type=\"password\" name=\"pwd\" id=\"user_pass\" value=\"\" \/>\n            <button type=\"button\" class=\"button mp-hide-pw hide-if-no-js\" data-toggle=\"0\" aria-label=\"Mostrar la contrase\u00f1a\">\n              <span class=\"dashicons dashicons-visibility\" aria-hidden=\"true\"><\/span>\n            <\/button>\n          <\/div>\n        <\/div>\n      <\/div>\n            <div>\n        <label><input name=\"rememberme\" type=\"checkbox\" id=\"rememberme\" value=\"forever\" \/> Recu\u00e9rdame<\/label>\n      <\/div>\n      <div class=\"mp-spacer\">&nbsp;<\/div>\n      <div class=\"submit\">\n        <input type=\"submit\" name=\"wp-submit\" id=\"wp-submit\" class=\"button-primary mepr-share-button \" value=\"Iniciar sesi\u00f3n\" \/>\n        <input type=\"hidden\" name=\"redirect_to\" value=\"\/es\/wp-json\/wp\/v2\/pages\/17226\" \/>\n        <input type=\"hidden\" name=\"mepr_process_login_form\" value=\"true\" \/>\n        <input type=\"hidden\" name=\"mepr_is_login_page\" value=\"false\" \/>\n      <\/div>\n    <\/form>\n    <div class=\"mp-spacer\">&nbsp;<\/div>\n    <div class=\"mepr-login-actions\">\n        <a\n          href=\"https:\/\/globalmentorship.org\/login\/?action=forgot_password\"\n          title=\"Click here to reset your password\"\n        >\n          \u00bfOlvidaste tu contrase\u00f1a?        <\/a>\n    <\/div>\n\n      \n    <!-- mp-login-form-end --> \n  <\/div>\n      <\/div>\n<\/div>\n","protected":false},"excerpt":{"rendered":"<p>Portal del MentorSoporte Contacta al soporte de GMI usando nuestro formulario de contacto aqu\u00ed:Corre la voz Usa nuestro texto modelo para compartir la oportunidad de mentor\u00eda de GMI con tu red en LinkedIn, Slack, Viva Engage o por correo electr\u00f3nico.Registro de horas La compensaci\u00f3n corporativa por tus horas de voluntariado es una parte importante del [&hellip;]<\/p>\n","protected":false},"author":1,"featured_media":0,"parent":0,"menu_order":0,"comment_status":"closed","ping_status":"closed","template":"","meta":{"_bbp_topic_count":0,"_bbp_reply_count":0,"_bbp_total_topic_count":0,"_bbp_total_reply_count":0,"_bbp_voice_count":0,"_bbp_anonymous_reply_count":0,"_bbp_topic_count_hidden":0,"_bbp_reply_count_hidden":0,"_bbp_forum_subforum_count":0,"_et_pb_use_builder":"on","_et_pb_old_content":"","_et_gb_content_width":"","_exactmetrics_skip_tracking":false,"_exactmetrics_sitenote_active":false,"_exactmetrics_sitenote_note":"","_exactmetrics_sitenote_category":0,"footnotes":"","_links_to":"","_links_to_target":""},"class_list":["post-17226","page","type-page","status-publish","hentry"],"yoast_head":"<!-- This site is optimized with the Yoast SEO plugin v27.4 - https:\/\/yoast.com\/product\/yoast-seo-wordpress\/ -->\n<title>Mentor Mentorship Resources - Global Mentorship Initiative<\/title>\n<meta name=\"robots\" content=\"index, follow, max-snippet:-1, max-image-preview:large, max-video-preview:-1\" \/>\n<link rel=\"canonical\" href=\"https:\/\/globalmentorship.org\/mentor-mentorship-resources\/\" \/>\n<meta property=\"og:locale\" content=\"es_ES\" \/>\n<meta property=\"og:type\" content=\"article\" \/>\n<meta property=\"og:title\" content=\"Mentor Mentorship Resources - Global Mentorship Initiative\" \/>\n<meta property=\"og:description\" content=\"Portal del MentorSoporte Contacta al soporte de GMI usando nuestro formulario de contacto aqu\u00ed:Corre la voz Usa nuestro texto modelo para compartir la oportunidad de mentor\u00eda de GMI con tu red en LinkedIn, Slack, Viva Engage o por correo electr\u00f3nico.Registro de horas La compensaci\u00f3n corporativa por tus horas de voluntariado es una parte importante del [&hellip;]\" \/>\n<meta property=\"og:url\" content=\"https:\/\/globalmentorship.org\/mentor-mentorship-resources\/\" \/>\n<meta property=\"og:site_name\" content=\"Global Mentorship Initiative\" \/>\n<meta property=\"article:publisher\" content=\"https:\/\/www.facebook.com\/globalmentorship\" \/>\n<meta property=\"article:modified_time\" content=\"2025-10-14T19:27:38+00:00\" \/>\n<meta name=\"twitter:card\" content=\"summary_large_image\" \/>\n<script type=\"application\/ld+json\" class=\"yoast-schema-graph\">{\"@context\":\"https:\\\/\\\/schema.org\",\"@graph\":[{\"@type\":\"WebPage\",\"@id\":\"https:\\\/\\\/globalmentorship.org\\\/mentor-mentorship-resources\\\/\",\"url\":\"https:\\\/\\\/globalmentorship.org\\\/mentor-mentorship-resources\\\/\",\"name\":\"Mentor Mentorship Resources - Global Mentorship Initiative\",\"isPartOf\":{\"@id\":\"https:\\\/\\\/globalmentorship.org\\\/#website\"},\"datePublished\":\"2024-01-15T20:24:55+00:00\",\"dateModified\":\"2025-10-14T19:27:38+00:00\",\"breadcrumb\":{\"@id\":\"https:\\\/\\\/globalmentorship.org\\\/mentor-mentorship-resources\\\/#breadcrumb\"},\"inLanguage\":\"es\",\"potentialAction\":[{\"@type\":\"ReadAction\",\"target\":[\"https:\\\/\\\/globalmentorship.org\\\/mentor-mentorship-resources\\\/\"]}]},{\"@type\":\"BreadcrumbList\",\"@id\":\"https:\\\/\\\/globalmentorship.org\\\/mentor-mentorship-resources\\\/#breadcrumb\",\"itemListElement\":[{\"@type\":\"ListItem\",\"position\":1,\"name\":\"Inicio\",\"item\":\"https:\\\/\\\/globalmentorship.org\\\/\"},{\"@type\":\"ListItem\",\"position\":2,\"name\":\"Mentor Mentorship Resources\"}]},{\"@type\":\"WebSite\",\"@id\":\"https:\\\/\\\/globalmentorship.org\\\/#website\",\"url\":\"https:\\\/\\\/globalmentorship.org\\\/\",\"name\":\"Global Mentorship Initiative\",\"description\":\"\",\"publisher\":{\"@id\":\"https:\\\/\\\/globalmentorship.org\\\/#organization\"},\"potentialAction\":[{\"@type\":\"SearchAction\",\"target\":{\"@type\":\"EntryPoint\",\"urlTemplate\":\"https:\\\/\\\/globalmentorship.org\\\/?s={search_term_string}\"},\"query-input\":{\"@type\":\"PropertyValueSpecification\",\"valueRequired\":true,\"valueName\":\"search_term_string\"}}],\"inLanguage\":\"es\"},{\"@type\":\"Organization\",\"@id\":\"https:\\\/\\\/globalmentorship.org\\\/#organization\",\"name\":\"Global Mentorship Initiative\",\"alternateName\":\"GMI\",\"url\":\"https:\\\/\\\/globalmentorship.org\\\/\",\"logo\":{\"@type\":\"ImageObject\",\"inLanguage\":\"es\",\"@id\":\"https:\\\/\\\/globalmentorship.org\\\/#\\\/schema\\\/logo\\\/image\\\/\",\"url\":\"https:\\\/\\\/globalmentorship.org\\\/wp-content\\\/uploads\\\/2023\\\/02\\\/GMI-Logo-large-square.png\",\"contentUrl\":\"https:\\\/\\\/globalmentorship.org\\\/wp-content\\\/uploads\\\/2023\\\/02\\\/GMI-Logo-large-square.png\",\"width\":696,\"height\":696,\"caption\":\"Global Mentorship Initiative\"},\"image\":{\"@id\":\"https:\\\/\\\/globalmentorship.org\\\/#\\\/schema\\\/logo\\\/image\\\/\"},\"sameAs\":[\"https:\\\/\\\/www.facebook.com\\\/globalmentorship\",\"https:\\\/\\\/www.linkedin.com\\\/company\\\/globalmentorship\",\"https:\\\/\\\/instagram.com\\\/Global_Mentorship\"]}]}<\/script>\n<!-- \/ Yoast SEO plugin. -->","yoast_head_json":{"title":"Mentor Mentorship Resources - Global Mentorship Initiative","robots":{"index":"index","follow":"follow","max-snippet":"max-snippet:-1","max-image-preview":"max-image-preview:large","max-video-preview":"max-video-preview:-1"},"canonical":"https:\/\/globalmentorship.org\/mentor-mentorship-resources\/","og_locale":"es_ES","og_type":"article","og_title":"Mentor Mentorship Resources - Global Mentorship Initiative","og_description":"Portal del MentorSoporte Contacta al soporte de GMI usando nuestro formulario de contacto aqu\u00ed:Corre la voz Usa nuestro texto modelo para compartir la oportunidad de mentor\u00eda de GMI con tu red en LinkedIn, Slack, Viva Engage o por correo electr\u00f3nico.Registro de horas La compensaci\u00f3n corporativa por tus horas de voluntariado es una parte importante del [&hellip;]","og_url":"https:\/\/globalmentorship.org\/mentor-mentorship-resources\/","og_site_name":"Global Mentorship Initiative","article_publisher":"https:\/\/www.facebook.com\/globalmentorship","article_modified_time":"2025-10-14T19:27:38+00:00","twitter_card":"summary_large_image","schema":{"@context":"https:\/\/schema.org","@graph":[{"@type":"WebPage","@id":"https:\/\/globalmentorship.org\/mentor-mentorship-resources\/","url":"https:\/\/globalmentorship.org\/mentor-mentorship-resources\/","name":"Mentor Mentorship Resources - Global Mentorship Initiative","isPartOf":{"@id":"https:\/\/globalmentorship.org\/#website"},"datePublished":"2024-01-15T20:24:55+00:00","dateModified":"2025-10-14T19:27:38+00:00","breadcrumb":{"@id":"https:\/\/globalmentorship.org\/mentor-mentorship-resources\/#breadcrumb"},"inLanguage":"es","potentialAction":[{"@type":"ReadAction","target":["https:\/\/globalmentorship.org\/mentor-mentorship-resources\/"]}]},{"@type":"BreadcrumbList","@id":"https:\/\/globalmentorship.org\/mentor-mentorship-resources\/#breadcrumb","itemListElement":[{"@type":"ListItem","position":1,"name":"Inicio","item":"https:\/\/globalmentorship.org\/"},{"@type":"ListItem","position":2,"name":"Mentor Mentorship Resources"}]},{"@type":"WebSite","@id":"https:\/\/globalmentorship.org\/#website","url":"https:\/\/globalmentorship.org\/","name":"Global Mentorship Initiative","description":"","publisher":{"@id":"https:\/\/globalmentorship.org\/#organization"},"potentialAction":[{"@type":"SearchAction","target":{"@type":"EntryPoint","urlTemplate":"https:\/\/globalmentorship.org\/?s={search_term_string}"},"query-input":{"@type":"PropertyValueSpecification","valueRequired":true,"valueName":"search_term_string"}}],"inLanguage":"es"},{"@type":"Organization","@id":"https:\/\/globalmentorship.org\/#organization","name":"Global Mentorship Initiative","alternateName":"GMI","url":"https:\/\/globalmentorship.org\/","logo":{"@type":"ImageObject","inLanguage":"es","@id":"https:\/\/globalmentorship.org\/#\/schema\/logo\/image\/","url":"https:\/\/globalmentorship.org\/wp-content\/uploads\/2023\/02\/GMI-Logo-large-square.png","contentUrl":"https:\/\/globalmentorship.org\/wp-content\/uploads\/2023\/02\/GMI-Logo-large-square.png","width":696,"height":696,"caption":"Global Mentorship Initiative"},"image":{"@id":"https:\/\/globalmentorship.org\/#\/schema\/logo\/image\/"},"sameAs":["https:\/\/www.facebook.com\/globalmentorship","https:\/\/www.linkedin.com\/company\/globalmentorship","https:\/\/instagram.com\/Global_Mentorship"]}]}},"_links":{"self":[{"href":"https:\/\/globalmentorship.org\/es\/wp-json\/wp\/v2\/pages\/17226","targetHints":{"allow":["GET"]}}],"collection":[{"href":"https:\/\/globalmentorship.org\/es\/wp-json\/wp\/v2\/pages"}],"about":[{"href":"https:\/\/globalmentorship.org\/es\/wp-json\/wp\/v2\/types\/page"}],"author":[{"embeddable":true,"href":"https:\/\/globalmentorship.org\/es\/wp-json\/wp\/v2\/users\/1"}],"replies":[{"embeddable":true,"href":"https:\/\/globalmentorship.org\/es\/wp-json\/wp\/v2\/comments?post=17226"}],"version-history":[{"count":30,"href":"https:\/\/globalmentorship.org\/es\/wp-json\/wp\/v2\/pages\/17226\/revisions"}],"predecessor-version":[{"id":20544,"href":"https:\/\/globalmentorship.org\/es\/wp-json\/wp\/v2\/pages\/17226\/revisions\/20544"}],"wp:attachment":[{"href":"https:\/\/globalmentorship.org\/es\/wp-json\/wp\/v2\/media?parent=17226"}],"curies":[{"name":"wp","href":"https:\/\/api.w.org\/{rel}","templated":true}]}}